{"id":365,"date":"2024-01-30T09:04:56","date_gmt":"2024-01-30T08:04:56","guid":{"rendered":"https:\/\/antara.hu\/?page_id=365"},"modified":"2024-01-30T09:08:58","modified_gmt":"2024-01-30T08:08:58","slug":"koszonjuk","status":"publish","type":"page","link":"https:\/\/antara.hu\/de\/koszonjuk\/","title":{"rendered":"K\u00f6sz\u00f6nj\u00fck"},"content":{"rendered":"<div class=\"banner has-hover has-parallax\" id=\"banner-1079305863\">\n          <div class=\"banner-inner fill\">\n        <div class=\"banner-bg fill\" data-parallax=\"-3\" data-parallax-container=\".banner\" data-parallax-background>\n            <img loading=\"lazy\" decoding=\"async\" width=\"1900\" height=\"652\" src=\"https:\/\/antara.hu\/wp-content\/uploads\/2024\/01\/antara-banner-2.png\" class=\"bg attachment-original size-original\" alt=\"\" \/>                        <div class=\"overlay\"><\/div>            \n                    <\/div>\n\t\t\n        <div class=\"banner-layers container\">\n            <div class=\"fill banner-link\"><\/div>            \n\n   <div id=\"text-box-1638766339\" class=\"text-box banner-layer x50 md-x50 lg-x50 y50 md-y50 lg-y50 res-text\">\n                                <div class=\"text-box-content text dark\">\n              \n              <div class=\"text-inner text-center\">\n                  \n\n\n              <\/div>\n           <\/div>\n                            \n<style>\n#text-box-1638766339 {\n  width: 60%;\n}\n#text-box-1638766339 .text-box-content {\n  font-size: 100%;\n}\n@media (min-width:550px) {\n  #text-box-1638766339 {\n    width: 60%;\n  }\n}\n<\/style>\n    <\/div>\n \n\n        <\/div>\n      <\/div>\n\n            \n<style>\n#banner-1079305863 {\n  padding-top: 400px;\n}\n#banner-1079305863 .overlay {\n  background-color: rgba(0, 0, 0, 0.25);\n}\n@media (min-width:550px) {\n  #banner-1079305863 {\n    padding-top: 500px;\n  }\n}\n<\/style>\n  <\/div>\n\n\n\n\t<section class=\"section\" id=\"section_259240467\">\n\t\t<div class=\"section-bg fill\" >\n\t\t\t\t\t\t\t\t\t\n\t\t\t\n\n\t\t<\/div>\n\n\t\t\n\n\t\t<div class=\"section-content relative\">\n\t\t\t\n\n<div class=\"row align-center\"  id=\"row-941311290\">\n\n\n\t<div id=\"col-1012488090\" class=\"col medium-8 small-12 large-8\"  >\n\t\t\t\t<div class=\"col-inner text-center\"  >\n\t\t\t\n\t\t\t\n\n\t<div id=\"text-2347020022\" class=\"text\">\n\t\t\n\n<h2>K\u00f6sz\u00f6nj\u00fck, hogy az Antara-Resortot v\u00e1lasztotta!<\/h2>\n\n\t\t\n<style>\n#text-2347020022 {\n  color: rgb(0,0,0);\n}\n#text-2347020022 > * {\n  color: rgb(0,0,0);\n}\n<\/style>\n\t<\/div>\n\t\n\t<div id=\"gap-1019544661\" class=\"gap-element clearfix\" style=\"display:block; height:auto;\">\n\t\t\n<style>\n#gap-1019544661 {\n  padding-top: 30px;\n}\n<\/style>\n\t<\/div>\n\t\n\n\t<div id=\"text-3292473035\" class=\"text\">\n\t\t\n\n<p>Foglal\u00e1si sz\u00e1nd\u00e9k\u00e1t r\u00f6gz\u00edtett\u00fck \u00e9s hamarosan felvessz\u00fck \u00d6nnel a kapcsolatot! <br \/>Amennyiben 48 \u00f3r\u00e1n bel\u00fcl nem kap visszajelz\u00e9st k\u00e9rem vegye fel vel\u00fcnk a kapcsolatot el\u00e9rhet\u0151s\u00e9geinken!<\/p>\n\t\t\n<style>\n#text-3292473035 {\n  color: rgb(0,0,0);\n}\n#text-3292473035 > * {\n  color: rgb(0,0,0);\n}\n<\/style>\n\t<\/div>\n\t\n\t<div id=\"gap-1381267157\" class=\"gap-element clearfix\" style=\"display:block; height:auto;\">\n\t\t\n<style>\n#gap-1381267157 {\n  padding-top: 30px;\n}\n<\/style>\n\t<\/div>\n\t\n\n\n  \n    <div class=\"row large-columns-3 medium-columns- small-columns-2\" >\n  <div class=\"gallery-col col\" >\n          <div class=\"col-inner\">\n            <a class=\"image-lightbox lightbox-gallery\" href=\"https:\/\/antara.hu\/wp-content\/uploads\/2024\/01\/antara24.jpg\" title=\"\">            <div class=\"box has-hover gallery-box box-overlay dark\">\n              <div class=\"box-image image-cover\" style=\"padding-top:100%;\">\n                <img loading=\"lazy\" decoding=\"async\" width=\"300\" height=\"200\" src=\"https:\/\/antara.hu\/wp-content\/uploads\/2024\/01\/antara24-300x200.jpg\" class=\"attachment-medium size-medium\" alt=\"\" ids=\"111,115,107\" lightbox_image_size=\"original\" columns=\"3\" image_height=\"100%\" srcset=\"https:\/\/antara.hu\/wp-content\/uploads\/2024\/01\/antara24-300x200.jpg 300w, https:\/\/antara.hu\/wp-content\/uploads\/2024\/01\/antara24-1024x683.jpg 1024w, https:\/\/antara.hu\/wp-content\/uploads\/2024\/01\/antara24-768x512.jpg 768w, https:\/\/antara.hu\/wp-content\/uploads\/2024\/01\/antara24-1536x1024.jpg 1536w, https:\/\/antara.hu\/wp-content\/uploads\/2024\/01\/antara24-2048x1366.jpg 2048w\" sizes=\"auto, (max-width: 300px) 100vw, 300px\" \/>                                  <div class=\"overlay fill\"\n                      style=\"background-color: rgba(0,0,0,.15)\">\n                  <\/div>\n                                                              <\/div>\n              <div class=\"box-text text-left\" >\n                 <p><\/p>\n              <\/div>\n            <\/div>\n            <\/a>          <\/div>\n         <\/div><div class=\"gallery-col col\" >\n          <div class=\"col-inner\">\n            <a class=\"image-lightbox lightbox-gallery\" href=\"https:\/\/antara.hu\/wp-content\/uploads\/2024\/01\/antara28.jpeg\" title=\"\">            <div class=\"box has-hover gallery-box box-overlay dark\">\n              <div class=\"box-image image-cover\" style=\"padding-top:100%;\">\n                <img loading=\"lazy\" decoding=\"async\" width=\"300\" height=\"225\" src=\"https:\/\/antara.hu\/wp-content\/uploads\/2024\/01\/antara28-300x225.jpeg\" class=\"attachment-medium size-medium\" alt=\"\" ids=\"111,115,107\" lightbox_image_size=\"original\" columns=\"3\" image_height=\"100%\" srcset=\"https:\/\/antara.hu\/wp-content\/uploads\/2024\/01\/antara28-300x225.jpeg 300w, https:\/\/antara.hu\/wp-content\/uploads\/2024\/01\/antara28-1024x768.jpeg 1024w, https:\/\/antara.hu\/wp-content\/uploads\/2024\/01\/antara28-768x576.jpeg 768w, https:\/\/antara.hu\/wp-content\/uploads\/2024\/01\/antara28-1536x1152.jpeg 1536w, https:\/\/antara.hu\/wp-content\/uploads\/2024\/01\/antara28.jpeg 2048w\" sizes=\"auto, (max-width: 300px) 100vw, 300px\" \/>                                  <div class=\"overlay fill\"\n                      style=\"background-color: rgba(0,0,0,.15)\">\n                  <\/div>\n                                                              <\/div>\n              <div class=\"box-text text-left\" >\n                 <p><\/p>\n              <\/div>\n            <\/div>\n            <\/a>          <\/div>\n         <\/div><div class=\"gallery-col col\" >\n          <div class=\"col-inner\">\n            <a class=\"image-lightbox lightbox-gallery\" href=\"https:\/\/antara.hu\/wp-content\/uploads\/2024\/01\/antara20.jpg\" title=\"\">            <div class=\"box has-hover gallery-box box-overlay dark\">\n              <div class=\"box-image image-cover\" style=\"padding-top:100%;\">\n                <img loading=\"lazy\" decoding=\"async\" width=\"200\" height=\"300\" src=\"https:\/\/antara.hu\/wp-content\/uploads\/2024\/01\/antara20-200x300.jpg\" class=\"attachment-medium size-medium\" alt=\"\" ids=\"111,115,107\" lightbox_image_size=\"original\" columns=\"3\" image_height=\"100%\" srcset=\"https:\/\/antara.hu\/wp-content\/uploads\/2024\/01\/antara20-200x300.jpg 200w, https:\/\/antara.hu\/wp-content\/uploads\/2024\/01\/antara20-683x1024.jpg 683w, https:\/\/antara.hu\/wp-content\/uploads\/2024\/01\/antara20-768x1152.jpg 768w, https:\/\/antara.hu\/wp-content\/uploads\/2024\/01\/antara20-1024x1536.jpg 1024w, https:\/\/antara.hu\/wp-content\/uploads\/2024\/01\/antara20-1366x2048.jpg 1366w, https:\/\/antara.hu\/wp-content\/uploads\/2024\/01\/antara20.jpg 1707w\" sizes=\"auto, (max-width: 200px) 100vw, 200px\" \/>                                  <div class=\"overlay fill\"\n                      style=\"background-color: rgba(0,0,0,.15)\">\n                  <\/div>\n                                                              <\/div>\n              <div class=\"box-text text-left\" >\n                 <p><\/p>\n              <\/div>\n            <\/div>\n            <\/a>          <\/div>\n         <\/div><\/div>\n\n\n\t\t<\/div>\n\t\t\t\t\t<\/div>\n\n\t\n\n<\/div>\n\n\t\t<\/div>\n\n\t\t\n<style>\n#section_259240467 {\n  padding-top: 60px;\n  padding-bottom: 60px;\n  background-color: rgb(238, 238, 238);\n}\n<\/style>\n\t<\/section>","protected":false},"excerpt":{"rendered":"","protected":false},"author":1,"featured_media":0,"parent":0,"menu_order":0,"comment_status":"closed","ping_status":"closed","template":"page-transparent-header-light.php","meta":{"footnotes":""},"class_list":["post-365","page","type-page","status-publish","hentry"],"yoast_head":"<!-- This site is optimized with the Yoast SEO plugin v27.4 - https:\/\/yoast.com\/product\/yoast-seo-wordpress\/ -->\n<title>K\u00f6sz\u00f6nj\u00fck &#183; ANTARA NYARAL\u00d3 Csal\u00e1di kikapcsol\u00f3d\u00e1s f\u0171t\u00f6tt medenc\u00e9vel jakuzzival finn szaun\u00e1val B\u00e9k\u00e9sszentandr\u00e1son Antara Nyaral\u00f3 K\u00f6sz\u00f6nj\u00fck<\/title>\n<meta name=\"description\" content=\"Fedezze fel az Antara Nyaral\u00f3t B\u00e9k\u00e9sszentandr\u00e1son, ahol a csal\u00e1di kikapcsol\u00f3d\u00e1s garant\u00e1lt! \u00c9lvezze a f\u0171t\u00f6tt medenc\u00e9t, wellness szolg\u00e1ltat\u00e1sokat jakuzzival finn szaun\u00e1val \u00e9s a term\u00e9szet k\u00f6zels\u00e9g\u00e9t a Holt K\u00f6r\u00f6s partj\u00e1n K\u00f6sz\u00f6nj\u00fck ANTARA NYARAL\u00d3\" \/>\n<meta name=\"robots\" content=\"index, follow, max-snippet:-1, max-image-preview:large, max-video-preview:-1\" \/>\n<link rel=\"canonical\" href=\"https:\/\/antara.hu\/de\/koszonjuk\/\" \/>\n<meta property=\"og:locale\" content=\"de_DE\" \/>\n<meta property=\"og:type\" content=\"article\" \/>\n<meta property=\"og:title\" content=\"K\u00f6sz\u00f6nj\u00fck &#183; ANTARA NYARAL\u00d3 Csal\u00e1di kikapcsol\u00f3d\u00e1s f\u0171t\u00f6tt medenc\u00e9vel jakuzzival finn szaun\u00e1val B\u00e9k\u00e9sszentandr\u00e1son Antara Nyaral\u00f3 K\u00f6sz\u00f6nj\u00fck\" \/>\n<meta property=\"og:description\" content=\"Fedezze fel az Antara Nyaral\u00f3t B\u00e9k\u00e9sszentandr\u00e1son, ahol a csal\u00e1di kikapcsol\u00f3d\u00e1s garant\u00e1lt! \u00c9lvezze a f\u0171t\u00f6tt medenc\u00e9t, wellness szolg\u00e1ltat\u00e1sokat jakuzzival finn szaun\u00e1val \u00e9s a term\u00e9szet k\u00f6zels\u00e9g\u00e9t a Holt K\u00f6r\u00f6s partj\u00e1n K\u00f6sz\u00f6nj\u00fck ANTARA NYARAL\u00d3\" \/>\n<meta property=\"og:url\" content=\"https:\/\/antara.hu\/de\/koszonjuk\/\" \/>\n<meta property=\"og:site_name\" content=\"ANTARA NYARAL\u00d3\" \/>\n<meta property=\"article:publisher\" content=\"https:\/\/www.facebook.com\/antaranyaralo\" \/>\n<meta property=\"article:modified_time\" content=\"2024-01-30T08:08:58+00:00\" \/>\n<meta property=\"og:image\" content=\"https:\/\/antara.hu\/wp-content\/uploads\/2024\/01\/antara-web-2.png\" \/>\n\t<meta property=\"og:image:width\" content=\"1400\" \/>\n\t<meta property=\"og:image:height\" content=\"735\" \/>\n\t<meta property=\"og:image:type\" content=\"image\/png\" \/>\n<meta name=\"twitter:card\" content=\"summary_large_image\" \/>\n<meta name=\"twitter:label1\" content=\"Gesch\u00e4tzte Lesezeit\" \/>\n\t<meta name=\"twitter:data1\" content=\"1\u00a0Minute\" \/>\n<script type=\"application\/ld+json\" class=\"yoast-schema-graph\">{\"@context\":\"https:\\\/\\\/schema.org\",\"@graph\":[{\"@type\":\"WebPage\",\"@id\":\"https:\\\/\\\/antara.hu\\\/koszonjuk\\\/\",\"url\":\"https:\\\/\\\/antara.hu\\\/koszonjuk\\\/\",\"name\":\"K\u00f6sz\u00f6nj\u00fck &#183; ANTARA NYARAL\u00d3 Csal\u00e1di kikapcsol\u00f3d\u00e1s f\u0171t\u00f6tt medenc\u00e9vel jakuzzival finn szaun\u00e1val B\u00e9k\u00e9sszentandr\u00e1son Antara Nyaral\u00f3 K\u00f6sz\u00f6nj\u00fck\",\"isPartOf\":{\"@id\":\"https:\\\/\\\/antara.hu\\\/#website\"},\"datePublished\":\"2024-01-30T08:04:56+00:00\",\"dateModified\":\"2024-01-30T08:08:58+00:00\",\"description\":\"Fedezze fel az Antara Nyaral\u00f3t B\u00e9k\u00e9sszentandr\u00e1son, ahol a csal\u00e1di kikapcsol\u00f3d\u00e1s garant\u00e1lt! \u00c9lvezze a f\u0171t\u00f6tt medenc\u00e9t, wellness szolg\u00e1ltat\u00e1sokat jakuzzival finn szaun\u00e1val \u00e9s a term\u00e9szet k\u00f6zels\u00e9g\u00e9t a Holt K\u00f6r\u00f6s partj\u00e1n K\u00f6sz\u00f6nj\u00fck ANTARA NYARAL\u00d3\",\"breadcrumb\":{\"@id\":\"https:\\\/\\\/antara.hu\\\/koszonjuk\\\/#breadcrumb\"},\"inLanguage\":\"de\",\"potentialAction\":[{\"@type\":\"ReadAction\",\"target\":[\"https:\\\/\\\/antara.hu\\\/koszonjuk\\\/\"]}]},{\"@type\":\"BreadcrumbList\",\"@id\":\"https:\\\/\\\/antara.hu\\\/koszonjuk\\\/#breadcrumb\",\"itemListElement\":[{\"@type\":\"ListItem\",\"position\":1,\"name\":\"Kezd\u0151lap\",\"item\":\"https:\\\/\\\/antara.hu\\\/\"},{\"@type\":\"ListItem\",\"position\":2,\"name\":\"K\u00f6sz\u00f6nj\u00fck\"}]},{\"@type\":\"WebSite\",\"@id\":\"https:\\\/\\\/antara.hu\\\/#website\",\"url\":\"https:\\\/\\\/antara.hu\\\/\",\"name\":\"ANTARA RESORT B\u00e9k\u00e9sszentandr\u00e1s\",\"description\":\"\",\"publisher\":{\"@id\":\"https:\\\/\\\/antara.hu\\\/#organization\"},\"potentialAction\":[{\"@type\":\"SearchAction\",\"target\":{\"@type\":\"EntryPoint\",\"urlTemplate\":\"https:\\\/\\\/antara.hu\\\/?s={search_term_string}\"},\"query-input\":{\"@type\":\"PropertyValueSpecification\",\"valueRequired\":true,\"valueName\":\"search_term_string\"}}],\"inLanguage\":\"de\"},{\"@type\":\"Organization\",\"@id\":\"https:\\\/\\\/antara.hu\\\/#organization\",\"name\":\"ANTARA NYARAL\u00d3\",\"url\":\"https:\\\/\\\/antara.hu\\\/\",\"logo\":{\"@type\":\"ImageObject\",\"inLanguage\":\"de\",\"@id\":\"https:\\\/\\\/antara.hu\\\/#\\\/schema\\\/logo\\\/image\\\/\",\"url\":\"https:\\\/\\\/antara.hu\\\/wp-content\\\/uploads\\\/2024\\\/01\\\/anatara-logo1.png\",\"contentUrl\":\"https:\\\/\\\/antara.hu\\\/wp-content\\\/uploads\\\/2024\\\/01\\\/anatara-logo1.png\",\"width\":1092,\"height\":602,\"caption\":\"ANTARA NYARAL\u00d3\"},\"image\":{\"@id\":\"https:\\\/\\\/antara.hu\\\/#\\\/schema\\\/logo\\\/image\\\/\"},\"sameAs\":[\"https:\\\/\\\/www.facebook.com\\\/antaranyaralo\"]}]}<\/script>\n<!-- \/ Yoast SEO plugin. -->","yoast_head_json":{"title":"K\u00f6sz\u00f6nj\u00fck &#183; ANTARA NYARAL\u00d3 Csal\u00e1di kikapcsol\u00f3d\u00e1s f\u0171t\u00f6tt medenc\u00e9vel jakuzzival finn szaun\u00e1val B\u00e9k\u00e9sszentandr\u00e1son Antara Nyaral\u00f3 K\u00f6sz\u00f6nj\u00fck","description":"Fedezze fel az Antara Nyaral\u00f3t B\u00e9k\u00e9sszentandr\u00e1son, ahol a csal\u00e1di kikapcsol\u00f3d\u00e1s garant\u00e1lt! \u00c9lvezze a f\u0171t\u00f6tt medenc\u00e9t, wellness szolg\u00e1ltat\u00e1sokat jakuzzival finn szaun\u00e1val \u00e9s a term\u00e9szet k\u00f6zels\u00e9g\u00e9t a Holt K\u00f6r\u00f6s partj\u00e1n K\u00f6sz\u00f6nj\u00fck ANTARA NYARAL\u00d3","robots":{"index":"index","follow":"follow","max-snippet":"max-snippet:-1","max-image-preview":"max-image-preview:large","max-video-preview":"max-video-preview:-1"},"canonical":"https:\/\/antara.hu\/de\/koszonjuk\/","og_locale":"de_DE","og_type":"article","og_title":"K\u00f6sz\u00f6nj\u00fck &#183; ANTARA NYARAL\u00d3 Csal\u00e1di kikapcsol\u00f3d\u00e1s f\u0171t\u00f6tt medenc\u00e9vel jakuzzival finn szaun\u00e1val B\u00e9k\u00e9sszentandr\u00e1son Antara Nyaral\u00f3 K\u00f6sz\u00f6nj\u00fck","og_description":"Fedezze fel az Antara Nyaral\u00f3t B\u00e9k\u00e9sszentandr\u00e1son, ahol a csal\u00e1di kikapcsol\u00f3d\u00e1s garant\u00e1lt! \u00c9lvezze a f\u0171t\u00f6tt medenc\u00e9t, wellness szolg\u00e1ltat\u00e1sokat jakuzzival finn szaun\u00e1val \u00e9s a term\u00e9szet k\u00f6zels\u00e9g\u00e9t a Holt K\u00f6r\u00f6s partj\u00e1n K\u00f6sz\u00f6nj\u00fck ANTARA NYARAL\u00d3","og_url":"https:\/\/antara.hu\/de\/koszonjuk\/","og_site_name":"ANTARA NYARAL\u00d3","article_publisher":"https:\/\/www.facebook.com\/antaranyaralo","article_modified_time":"2024-01-30T08:08:58+00:00","og_image":[{"width":1400,"height":735,"url":"https:\/\/antara.hu\/wp-content\/uploads\/2024\/01\/antara-web-2.png","type":"image\/png"}],"twitter_card":"summary_large_image","twitter_misc":{"Gesch\u00e4tzte Lesezeit":"1\u00a0Minute"},"schema":{"@context":"https:\/\/schema.org","@graph":[{"@type":"WebPage","@id":"https:\/\/antara.hu\/koszonjuk\/","url":"https:\/\/antara.hu\/koszonjuk\/","name":"K\u00f6sz\u00f6nj\u00fck &#183; ANTARA NYARAL\u00d3 Csal\u00e1di kikapcsol\u00f3d\u00e1s f\u0171t\u00f6tt medenc\u00e9vel jakuzzival finn szaun\u00e1val B\u00e9k\u00e9sszentandr\u00e1son Antara Nyaral\u00f3 K\u00f6sz\u00f6nj\u00fck","isPartOf":{"@id":"https:\/\/antara.hu\/#website"},"datePublished":"2024-01-30T08:04:56+00:00","dateModified":"2024-01-30T08:08:58+00:00","description":"Fedezze fel az Antara Nyaral\u00f3t B\u00e9k\u00e9sszentandr\u00e1son, ahol a csal\u00e1di kikapcsol\u00f3d\u00e1s garant\u00e1lt! \u00c9lvezze a f\u0171t\u00f6tt medenc\u00e9t, wellness szolg\u00e1ltat\u00e1sokat jakuzzival finn szaun\u00e1val \u00e9s a term\u00e9szet k\u00f6zels\u00e9g\u00e9t a Holt K\u00f6r\u00f6s partj\u00e1n K\u00f6sz\u00f6nj\u00fck ANTARA NYARAL\u00d3","breadcrumb":{"@id":"https:\/\/antara.hu\/koszonjuk\/#breadcrumb"},"inLanguage":"de","potentialAction":[{"@type":"ReadAction","target":["https:\/\/antara.hu\/koszonjuk\/"]}]},{"@type":"BreadcrumbList","@id":"https:\/\/antara.hu\/koszonjuk\/#breadcrumb","itemListElement":[{"@type":"ListItem","position":1,"name":"Kezd\u0151lap","item":"https:\/\/antara.hu\/"},{"@type":"ListItem","position":2,"name":"K\u00f6sz\u00f6nj\u00fck"}]},{"@type":"WebSite","@id":"https:\/\/antara.hu\/#website","url":"https:\/\/antara.hu\/","name":"ANTARA RESORT B\u00e9k\u00e9sszentandr\u00e1s","description":"","publisher":{"@id":"https:\/\/antara.hu\/#organization"},"potentialAction":[{"@type":"SearchAction","target":{"@type":"EntryPoint","urlTemplate":"https:\/\/antara.hu\/?s={search_term_string}"},"query-input":{"@type":"PropertyValueSpecification","valueRequired":true,"valueName":"search_term_string"}}],"inLanguage":"de"},{"@type":"Organization","@id":"https:\/\/antara.hu\/#organization","name":"ANTARA NYARAL\u00d3","url":"https:\/\/antara.hu\/","logo":{"@type":"ImageObject","inLanguage":"de","@id":"https:\/\/antara.hu\/#\/schema\/logo\/image\/","url":"https:\/\/antara.hu\/wp-content\/uploads\/2024\/01\/anatara-logo1.png","contentUrl":"https:\/\/antara.hu\/wp-content\/uploads\/2024\/01\/anatara-logo1.png","width":1092,"height":602,"caption":"ANTARA NYARAL\u00d3"},"image":{"@id":"https:\/\/antara.hu\/#\/schema\/logo\/image\/"},"sameAs":["https:\/\/www.facebook.com\/antaranyaralo"]}]}},"_links":{"self":[{"href":"https:\/\/antara.hu\/de\/wp-json\/wp\/v2\/pages\/365","targetHints":{"allow":["GET"]}}],"collection":[{"href":"https:\/\/antara.hu\/de\/wp-json\/wp\/v2\/pages"}],"about":[{"href":"https:\/\/antara.hu\/de\/wp-json\/wp\/v2\/types\/page"}],"author":[{"embeddable":true,"href":"https:\/\/antara.hu\/de\/wp-json\/wp\/v2\/users\/1"}],"replies":[{"embeddable":true,"href":"https:\/\/antara.hu\/de\/wp-json\/wp\/v2\/comments?post=365"}],"version-history":[{"count":3,"href":"https:\/\/antara.hu\/de\/wp-json\/wp\/v2\/pages\/365\/revisions"}],"predecessor-version":[{"id":368,"href":"https:\/\/antara.hu\/de\/wp-json\/wp\/v2\/pages\/365\/revisions\/368"}],"wp:attachment":[{"href":"https:\/\/antara.hu\/de\/wp-json\/wp\/v2\/media?parent=365"}],"curies":[{"name":"wp","href":"https:\/\/api.w.org\/{rel}","templated":true}]}}