{"id":51,"date":"2024-01-25T12:44:53","date_gmt":"2024-01-25T11:44:53","guid":{"rendered":"https:\/\/antara.hu\/?page_id=51"},"modified":"2025-02-21T19:53:17","modified_gmt":"2025-02-21T18:53:17","slug":"kapcsolat","status":"publish","type":"page","link":"https:\/\/antara.hu\/en\/kapcsolat\/","title":{"rendered":"Contact"},"content":{"rendered":"<div class=\"banner has-hover has-parallax\" id=\"banner-739916\">\n          <div class=\"banner-inner fill\">\n        <div class=\"banner-bg fill\" data-parallax=\"-3\" data-parallax-container=\".banner\" data-parallax-background>\n            <img loading=\"lazy\" decoding=\"async\" width=\"1900\" height=\"652\" src=\"https:\/\/antara.hu\/wp-content\/uploads\/2024\/01\/antara-banner-2.png\" class=\"bg attachment-original size-original\" alt=\"\" \/>                        <div class=\"overlay\"><\/div>            \n                    <\/div>\n\t\t\n        <div class=\"banner-layers container\">\n            <div class=\"fill banner-link\"><\/div>            \n\n   <div id=\"text-box-1199378465\" class=\"text-box banner-layer x50 md-x50 lg-x50 y50 md-y50 lg-y50 res-text\">\n                                <div class=\"text-box-content text dark\">\n              \n              <div class=\"text-inner text-center\">\n                  \n\n\n              <\/div>\n           <\/div>\n                            \n<style>\n#text-box-1199378465 {\n  width: 60%;\n}\n#text-box-1199378465 .text-box-content {\n  font-size: 100%;\n}\n@media (min-width:550px) {\n  #text-box-1199378465 {\n    width: 60%;\n  }\n}\n<\/style>\n    <\/div>\n \n\n        <\/div>\n      <\/div>\n\n            \n<style>\n#banner-739916 {\n  padding-top: 400px;\n}\n#banner-739916 .overlay {\n  background-color: rgba(0, 0, 0, 0.25);\n}\n@media (min-width:550px) {\n  #banner-739916 {\n    padding-top: 500px;\n  }\n}\n<\/style>\n  <\/div>\n\n\n\n\t<section class=\"section\" id=\"section_1601251739\">\n\t\t<div class=\"section-bg fill\" >\n\t\t\t\t\t\t\t\t\t\n\t\t\t\n\n\t\t<\/div>\n\n\t\t\n\n\t\t<div class=\"section-content relative\">\n\t\t\t\n\n<div class=\"row row-collapse align-equal\" style=\"max-width:1200px\" id=\"row-605616687\">\n\n\n\t<div id=\"col-2141438144\" class=\"col medium-4 small-12 large-4\"  >\n\t\t\t\t<div class=\"col-inner\"  >\n\t\t\t\n\t\t\t\n\n\n  <div class=\"banner has-hover\" id=\"banner-1334858014\">\n          <div class=\"banner-inner fill\">\n        <div class=\"banner-bg fill\" >\n            <img loading=\"lazy\" decoding=\"async\" width=\"1020\" height=\"474\" src=\"https:\/\/antara.hu\/wp-content\/uploads\/2024\/01\/banner3-2-1024x476.png\" class=\"bg attachment-large size-large\" alt=\"\" \/>                                    \n                    <\/div>\n\t\t\n        <div class=\"banner-layers container\">\n            <div class=\"fill banner-link\"><\/div>            \n\n   <div id=\"text-box-1196537067\" class=\"text-box banner-layer x50 md-x50 lg-x50 y50 md-y50 lg-y50 res-text\">\n                                <div class=\"text-box-content text dark\">\n              \n              <div class=\"text-inner text-center\">\n                  \n\n\n              <\/div>\n           <\/div>\n                            \n<style>\n#text-box-1196537067 {\n  width: 60%;\n}\n#text-box-1196537067 .text-box-content {\n  font-size: 100%;\n}\n@media (min-width:550px) {\n  #text-box-1196537067 {\n    width: 60%;\n  }\n}\n<\/style>\n    <\/div>\n \n\n        <\/div>\n      <\/div>\n\n            \n<style>\n#banner-1334858014 {\n  padding-top: 99.99%;\n  background-color: rgb(255, 255, 255);\n}\n<\/style>\n  <\/div>\n\n\n\n\t\t<\/div>\n\t\t\t\t\t<\/div>\n\n\t\n\n\t<div id=\"col-1513182514\" class=\"col medium-4 small-12 large-4\"  >\n\t\t\t\t<div class=\"col-inner text-center\" style=\"background-color:rgb(255, 255, 255);\" >\n\t\t\t\n\t\t\t\n\n\t<div id=\"gap-1711699020\" class=\"gap-element clearfix\" style=\"display:block; height:auto;\">\n\t\t\n<style>\n#gap-1711699020 {\n  padding-top: 25px;\n}\n<\/style>\n\t<\/div>\n\t\n\n\t<div class=\"img has-hover x md-x lg-x y md-y lg-y\" id=\"image_1233848980\">\n\t\t\t\t\t\t\t\t<div class=\"img-inner dark\" >\n\t\t\t<img loading=\"lazy\" decoding=\"async\" width=\"500\" height=\"500\" src=\"https:\/\/antara.hu\/wp-content\/uploads\/2024\/01\/cim1.png\" class=\"attachment-original size-original\" alt=\"\" srcset=\"https:\/\/antara.hu\/wp-content\/uploads\/2024\/01\/cim1.png 500w, https:\/\/antara.hu\/wp-content\/uploads\/2024\/01\/cim1-300x300.png 300w, https:\/\/antara.hu\/wp-content\/uploads\/2024\/01\/cim1-150x150.png 150w\" sizes=\"auto, (max-width: 500px) 100vw, 500px\" \/>\t\t\t\t\t\t\n\t\t\t\t\t<\/div>\n\t\t\t\t\t\t\t\t\n<style>\n#image_1233848980 {\n  width: 23%;\n}\n@media (min-width:550px) {\n  #image_1233848980 {\n    width: 15%;\n  }\n}\n@media (min-width:850px) {\n  #image_1233848980 {\n    width: 23%;\n  }\n}\n<\/style>\n\t<\/div>\n\t\n\n\t<div id=\"text-1145342474\" class=\"text\">\n\t\t\n\n<h2>Our address is<\/h2>\n\t\t\n<style>\n#text-1145342474 {\n  font-size: 1.75rem;\n  text-align: center;\n  color: rgb(0,0,0);\n}\n#text-1145342474 > * {\n  color: rgb(0,0,0);\n}\n@media (min-width:550px) {\n  #text-1145342474 {\n    font-size: 1rem;\n  }\n}\n<\/style>\n\t<\/div>\n\t\n\t<div id=\"text-309548030\" class=\"text\">\n\t\t\n\n<p>5561 B\u00e9k\u00e9sszentandr\u00e1s, <br \/>Dinnyelaposi \u00dcd\u00fcl\u0151sor 49.<\/p>\n\t\t\n<style>\n#text-309548030 {\n  font-size: 1rem;\n  text-align: center;\n  color: rgb(0,0,0);\n}\n#text-309548030 > * {\n  color: rgb(0,0,0);\n}\n@media (min-width:550px) {\n  #text-309548030 {\n    font-size: 0.9rem;\n  }\n}\n@media (min-width:850px) {\n  #text-309548030 {\n    font-size: 1rem;\n  }\n}\n<\/style>\n\t<\/div>\n\t\n<a href=\"https:\/\/www.google.com\/maps?client=safari&#038;rls=en&#038;oe=UTF-8&#038;um=1&#038;ie=UTF-8&#038;fb=1&#038;gl=hu&#038;sa=X&#038;geocode=KUfrkp9qqUZHMRqDabpNVEgg&#038;daddr=B\u00e9k\u00e9sszentandr\u00e1s,+Dinnyelaposi+\u00fcd\u00fcl\u0151-sor,+5561\" target=\"_blank\" class=\"button primary is-underline\" rel=\"noopener\"  >\n\t<i class=\"icon-map-pin-fill\" aria-hidden=\"true\" ><\/i>\t<span>Route plan<\/span>\n\t<\/a>\n\n\n\n\t\t<\/div>\n\t\t\t\t\n<style>\n#col-1513182514 > .col-inner {\n  padding: 50px 50px 71px 50px;\n}\n@media (min-width:550px) {\n  #col-1513182514 > .col-inner {\n    padding: 10px 10px 10px 11px;\n  }\n}\n@media (min-width:850px) {\n  #col-1513182514 > .col-inner {\n    padding: 10% 10% 10% 10%;\n  }\n}\n<\/style>\n\t<\/div>\n\n\t\n\n\t<div id=\"col-1994266628\" class=\"col medium-4 small-12 large-4\"  >\n\t\t\t\t<div class=\"col-inner\"  >\n\t\t\t\n\t\t\t\n\n\n  <div class=\"banner has-hover\" id=\"banner-1422648372\">\n          <div class=\"banner-inner fill\">\n        <div class=\"banner-bg fill\" >\n            <img loading=\"lazy\" decoding=\"async\" width=\"1020\" height=\"474\" src=\"https:\/\/antara.hu\/wp-content\/uploads\/2024\/01\/banner1-2-1024x476.png\" class=\"bg attachment-large size-large\" alt=\"\" \/>                                    \n                    <\/div>\n\t\t\n        <div class=\"banner-layers container\">\n            <div class=\"fill banner-link\"><\/div>            \n\n   <div id=\"text-box-545174064\" class=\"text-box banner-layer x50 md-x50 lg-x50 y50 md-y50 lg-y50 res-text\">\n                                <div class=\"text-box-content text dark\">\n              \n              <div class=\"text-inner text-center\">\n                  \n\n\n              <\/div>\n           <\/div>\n                            \n<style>\n#text-box-545174064 {\n  width: 60%;\n}\n#text-box-545174064 .text-box-content {\n  font-size: 100%;\n}\n@media (min-width:550px) {\n  #text-box-545174064 {\n    width: 60%;\n  }\n}\n<\/style>\n    <\/div>\n \n\n        <\/div>\n      <\/div>\n\n            \n<style>\n#banner-1422648372 {\n  padding-top: 99.99%;\n  background-color: rgb(255, 255, 255);\n}\n<\/style>\n  <\/div>\n\n\n\n\t\t<\/div>\n\t\t\t\t\t<\/div>\n\n\t\n\n\n<style>\n#row-605616687 > .col > .col-inner {\n  background-color: rgb(238, 238, 238);\n}\n<\/style>\n<\/div>\n<div class=\"row row-collapse align-equal\" style=\"max-width:1200px\" id=\"row-1388642522\">\n\n\n\t<div id=\"col-571613658\" class=\"col medium-4 small-12 large-4\"  >\n\t\t\t\t<div class=\"col-inner text-center\" style=\"background-color:rgb(255, 255, 255);\" >\n\t\t\t\n\t\t\t\n\n\t<div id=\"gap-1064678538\" class=\"gap-element clearfix\" style=\"display:block; height:auto;\">\n\t\t\n<style>\n#gap-1064678538 {\n  padding-top: 25px;\n}\n<\/style>\n\t<\/div>\n\t\n\n\t<div class=\"img has-hover x md-x lg-x y md-y lg-y\" id=\"image_1395716795\">\n\t\t\t\t\t\t\t\t<div class=\"img-inner dark\" >\n\t\t\t<img loading=\"lazy\" decoding=\"async\" width=\"500\" height=\"500\" src=\"https:\/\/antara.hu\/wp-content\/uploads\/2024\/01\/phone.png\" class=\"attachment-original size-original\" alt=\"\" srcset=\"https:\/\/antara.hu\/wp-content\/uploads\/2024\/01\/phone.png 500w, https:\/\/antara.hu\/wp-content\/uploads\/2024\/01\/phone-300x300.png 300w, https:\/\/antara.hu\/wp-content\/uploads\/2024\/01\/phone-150x150.png 150w\" sizes=\"auto, (max-width: 500px) 100vw, 500px\" \/>\t\t\t\t\t\t\n\t\t\t\t\t<\/div>\n\t\t\t\t\t\t\t\t\n<style>\n#image_1395716795 {\n  width: 23%;\n}\n@media (min-width:550px) {\n  #image_1395716795 {\n    width: 15%;\n  }\n}\n@media (min-width:850px) {\n  #image_1395716795 {\n    width: 23%;\n  }\n}\n<\/style>\n\t<\/div>\n\t\n\n\t<div id=\"text-1981888138\" class=\"text\">\n\t\t\n\n<h2>Our phone number<\/h2>\n\t\t\n<style>\n#text-1981888138 {\n  font-size: 1.75rem;\n  text-align: center;\n  color: rgb(0,0,0);\n}\n#text-1981888138 > * {\n  color: rgb(0,0,0);\n}\n@media (min-width:550px) {\n  #text-1981888138 {\n    font-size: 1rem;\n  }\n}\n<\/style>\n\t<\/div>\n\t\n\t<div id=\"text-2561072472\" class=\"text\">\n\t\t\n\n<p><strong><span style=\"color: #000000;\"><a style=\"color: #000000;\" href=\"tel: +36706020342\">+36 70 60 20 342<\/a><\/span><\/strong><\/p>\n\t\t\n<style>\n#text-2561072472 {\n  font-size: 1rem;\n  text-align: center;\n  color: rgb(0,0,0);\n}\n#text-2561072472 > * {\n  color: rgb(0,0,0);\n}\n@media (min-width:550px) {\n  #text-2561072472 {\n    font-size: 0.9rem;\n  }\n}\n@media (min-width:850px) {\n  #text-2561072472 {\n    font-size: 1rem;\n  }\n}\n<\/style>\n\t<\/div>\n\t\n\n\t\t<\/div>\n\t\t\t\t\n<style>\n#col-571613658 > .col-inner {\n  padding: 50px 50px 71px 50px;\n}\n@media (min-width:550px) {\n  #col-571613658 > .col-inner {\n    padding: 10px 10px 10px 11px;\n  }\n}\n@media (min-width:850px) {\n  #col-571613658 > .col-inner {\n    padding: 10% 10% 10% 10%;\n  }\n}\n<\/style>\n\t<\/div>\n\n\t\n\n\t<div id=\"col-1668964261\" class=\"col medium-4 small-12 large-4\"  >\n\t\t\t\t<div class=\"col-inner\"  >\n\t\t\t\n\t\t\t\n\n\n  <div class=\"banner has-hover\" id=\"banner-842137405\">\n          <div class=\"banner-inner fill\">\n        <div class=\"banner-bg fill\" >\n            <img loading=\"lazy\" decoding=\"async\" width=\"1020\" height=\"765\" src=\"https:\/\/antara.hu\/wp-content\/uploads\/2024\/01\/antara29-1024x768.jpeg\" class=\"bg attachment-large size-large\" alt=\"\" \/>                                    \n                    <\/div>\n\t\t\n        <div class=\"banner-layers container\">\n            <div class=\"fill banner-link\"><\/div>            \n\n   <div id=\"text-box-1871502496\" class=\"text-box banner-layer x50 md-x50 lg-x50 y50 md-y50 lg-y50 res-text\">\n                                <div class=\"text-box-content text dark\">\n              \n              <div class=\"text-inner text-center\">\n                  \n\n\n              <\/div>\n           <\/div>\n                            \n<style>\n#text-box-1871502496 {\n  width: 60%;\n}\n#text-box-1871502496 .text-box-content {\n  font-size: 100%;\n}\n@media (min-width:550px) {\n  #text-box-1871502496 {\n    width: 60%;\n  }\n}\n<\/style>\n    <\/div>\n \n\n        <\/div>\n      <\/div>\n\n            \n<style>\n#banner-842137405 {\n  padding-top: 99.99%;\n  background-color: rgb(255, 255, 255);\n}\n<\/style>\n  <\/div>\n\n\n\n\t\t<\/div>\n\t\t\t\t\t<\/div>\n\n\t\n\n\t<div id=\"col-2113543393\" class=\"col medium-4 small-12 large-4\"  >\n\t\t\t\t<div class=\"col-inner text-center\" style=\"background-color:rgb(255, 255, 255);\" >\n\t\t\t\n\t\t\t\n\n\t<div id=\"gap-2075194287\" class=\"gap-element clearfix\" style=\"display:block; height:auto;\">\n\t\t\n<style>\n#gap-2075194287 {\n  padding-top: 25px;\n}\n<\/style>\n\t<\/div>\n\t\n\n\t<div class=\"img has-hover x md-x lg-x y md-y lg-y\" id=\"image_902688140\">\n\t\t\t\t\t\t\t\t<div class=\"img-inner dark\" >\n\t\t\t<img loading=\"lazy\" decoding=\"async\" width=\"500\" height=\"500\" src=\"https:\/\/antara.hu\/wp-content\/uploads\/2024\/01\/mail.png\" class=\"attachment-original size-original\" alt=\"\" srcset=\"https:\/\/antara.hu\/wp-content\/uploads\/2024\/01\/mail.png 500w, https:\/\/antara.hu\/wp-content\/uploads\/2024\/01\/mail-300x300.png 300w, https:\/\/antara.hu\/wp-content\/uploads\/2024\/01\/mail-150x150.png 150w\" sizes=\"auto, (max-width: 500px) 100vw, 500px\" \/>\t\t\t\t\t\t\n\t\t\t\t\t<\/div>\n\t\t\t\t\t\t\t\t\n<style>\n#image_902688140 {\n  width: 23%;\n}\n@media (min-width:550px) {\n  #image_902688140 {\n    width: 15%;\n  }\n}\n@media (min-width:850px) {\n  #image_902688140 {\n    width: 23%;\n  }\n}\n<\/style>\n\t<\/div>\n\t\n\n\t<div id=\"text-409937503\" class=\"text\">\n\t\t\n\n<h2>Our e-mail address<\/h2>\n\t\t\n<style>\n#text-409937503 {\n  font-size: 1.75rem;\n  text-align: center;\n  color: rgb(0,0,0);\n}\n#text-409937503 > * {\n  color: rgb(0,0,0);\n}\n@media (min-width:550px) {\n  #text-409937503 {\n    font-size: 1rem;\n  }\n}\n<\/style>\n\t<\/div>\n\t\n\t<div id=\"text-3526641081\" class=\"text\">\n\t\t\n\n<p><span style=\"color: #000000;\"><strong><a style=\"color: #000000;\" href=\"mailto:antara@antara.hu\">antara@antara.hu<\/a><\/strong><\/span><\/p>\n\t\t\n<style>\n#text-3526641081 {\n  font-size: 1rem;\n  text-align: center;\n  color: rgb(0,0,0);\n}\n#text-3526641081 > * {\n  color: rgb(0,0,0);\n}\n@media (min-width:550px) {\n  #text-3526641081 {\n    font-size: 0.9rem;\n  }\n}\n@media (min-width:850px) {\n  #text-3526641081 {\n    font-size: 1rem;\n  }\n}\n<\/style>\n\t<\/div>\n\t\n\n\t\t<\/div>\n\t\t\t\t\n<style>\n#col-2113543393 > .col-inner {\n  padding: 50px 50px 71px 50px;\n}\n@media (min-width:550px) {\n  #col-2113543393 > .col-inner {\n    padding: 10px 10px 10px 11px;\n  }\n}\n@media (min-width:850px) {\n  #col-2113543393 > .col-inner {\n    padding: 10% 10% 10% 10%;\n  }\n}\n<\/style>\n\t<\/div>\n\n\t\n\n\n<style>\n#row-1388642522 > .col > .col-inner {\n  background-color: rgb(238, 238, 238);\n}\n<\/style>\n<\/div>\n\n\t\t<\/div>\n\n\t\t\n<style>\n#section_1601251739 {\n  padding-top: 120px;\n  padding-bottom: 120px;\n  background-color: rgb(238, 238, 238);\n}\n<\/style>\n\t<\/section>","protected":false},"excerpt":{"rendered":"","protected":false},"author":1,"featured_media":0,"parent":0,"menu_order":0,"comment_status":"closed","ping_status":"closed","template":"page-transparent-header-light.php","meta":{"footnotes":""},"class_list":["post-51","page","type-page","status-publish","hentry"],"yoast_head":"<!-- This site is optimized with the Yoast SEO plugin v27.4 - https:\/\/yoast.com\/product\/yoast-seo-wordpress\/ -->\n<title>Kapcsolat &#183; ANTARA NYARAL\u00d3 Antara nyaral\u00f3 el\u00e9rhet\u0151s\u00e9g, keressen minketKapcsolat<\/title>\n<meta name=\"description\" content=\"Amennyiben k\u00e9rd\u00e9se van, vagy tov\u00e1bbi inform\u00e1ci\u00f3ra van sz\u00fcks\u00e9ge, l\u00e9pjen kapcsolatba vel\u00fcnk. K\u00e9szs\u00e9ggel \u00e1llunk rendelkez\u00e9s\u00e9re.\" \/>\n<meta name=\"robots\" content=\"index, follow, max-snippet:-1, max-image-preview:large, max-video-preview:-1\" \/>\n<link rel=\"canonical\" href=\"https:\/\/antara.hu\/en\/kapcsolat\/\" \/>\n<meta property=\"og:locale\" content=\"en_GB\" \/>\n<meta property=\"og:type\" content=\"article\" \/>\n<meta property=\"og:title\" content=\"Kapcsolat &#183; ANTARA NYARAL\u00d3 Antara nyaral\u00f3 el\u00e9rhet\u0151s\u00e9g, keressen minketKapcsolat\" \/>\n<meta property=\"og:description\" content=\"Amennyiben k\u00e9rd\u00e9se van, vagy tov\u00e1bbi inform\u00e1ci\u00f3ra van sz\u00fcks\u00e9ge, l\u00e9pjen kapcsolatba vel\u00fcnk. K\u00e9szs\u00e9ggel \u00e1llunk rendelkez\u00e9s\u00e9re.\" \/>\n<meta property=\"og:url\" content=\"https:\/\/antara.hu\/en\/kapcsolat\/\" \/>\n<meta property=\"og:site_name\" content=\"ANTARA NYARAL\u00d3\" \/>\n<meta property=\"article:publisher\" content=\"https:\/\/www.facebook.com\/antaranyaralo\" \/>\n<meta property=\"article:modified_time\" content=\"2025-02-21T18:53:17+00:00\" \/>\n<meta property=\"og:image\" content=\"https:\/\/antara.hu\/wp-content\/uploads\/2024\/01\/antara-web-2.png\" \/>\n\t<meta property=\"og:image:width\" content=\"1400\" \/>\n\t<meta property=\"og:image:height\" content=\"735\" \/>\n\t<meta property=\"og:image:type\" content=\"image\/png\" \/>\n<meta name=\"twitter:card\" content=\"summary_large_image\" \/>\n<meta name=\"twitter:label1\" content=\"Estimated reading time\" \/>\n\t<meta name=\"twitter:data1\" content=\"2 minutes\" \/>\n<script type=\"application\/ld+json\" class=\"yoast-schema-graph\">{\"@context\":\"https:\\\/\\\/schema.org\",\"@graph\":[{\"@type\":\"WebPage\",\"@id\":\"https:\\\/\\\/antara.hu\\\/kapcsolat\\\/\",\"url\":\"https:\\\/\\\/antara.hu\\\/kapcsolat\\\/\",\"name\":\"Kapcsolat &#183; ANTARA NYARAL\u00d3 Antara nyaral\u00f3 el\u00e9rhet\u0151s\u00e9g, keressen minketKapcsolat\",\"isPartOf\":{\"@id\":\"https:\\\/\\\/antara.hu\\\/#website\"},\"datePublished\":\"2024-01-25T11:44:53+00:00\",\"dateModified\":\"2025-02-21T18:53:17+00:00\",\"description\":\"Amennyiben k\u00e9rd\u00e9se van, vagy tov\u00e1bbi inform\u00e1ci\u00f3ra van sz\u00fcks\u00e9ge, l\u00e9pjen kapcsolatba vel\u00fcnk. K\u00e9szs\u00e9ggel \u00e1llunk rendelkez\u00e9s\u00e9re.\",\"breadcrumb\":{\"@id\":\"https:\\\/\\\/antara.hu\\\/kapcsolat\\\/#breadcrumb\"},\"inLanguage\":\"en-GB\",\"potentialAction\":[{\"@type\":\"ReadAction\",\"target\":[\"https:\\\/\\\/antara.hu\\\/kapcsolat\\\/\"]}]},{\"@type\":\"BreadcrumbList\",\"@id\":\"https:\\\/\\\/antara.hu\\\/kapcsolat\\\/#breadcrumb\",\"itemListElement\":[{\"@type\":\"ListItem\",\"position\":1,\"name\":\"Kezd\u0151lap\",\"item\":\"https:\\\/\\\/antara.hu\\\/\"},{\"@type\":\"ListItem\",\"position\":2,\"name\":\"Kapcsolat\"}]},{\"@type\":\"WebSite\",\"@id\":\"https:\\\/\\\/antara.hu\\\/#website\",\"url\":\"https:\\\/\\\/antara.hu\\\/\",\"name\":\"ANTARA RESORT B\u00e9k\u00e9sszentandr\u00e1s\",\"description\":\"\",\"publisher\":{\"@id\":\"https:\\\/\\\/antara.hu\\\/#organization\"},\"potentialAction\":[{\"@type\":\"SearchAction\",\"target\":{\"@type\":\"EntryPoint\",\"urlTemplate\":\"https:\\\/\\\/antara.hu\\\/?s={search_term_string}\"},\"query-input\":{\"@type\":\"PropertyValueSpecification\",\"valueRequired\":true,\"valueName\":\"search_term_string\"}}],\"inLanguage\":\"en-GB\"},{\"@type\":\"Organization\",\"@id\":\"https:\\\/\\\/antara.hu\\\/#organization\",\"name\":\"ANTARA NYARAL\u00d3\",\"url\":\"https:\\\/\\\/antara.hu\\\/\",\"logo\":{\"@type\":\"ImageObject\",\"inLanguage\":\"en-GB\",\"@id\":\"https:\\\/\\\/antara.hu\\\/#\\\/schema\\\/logo\\\/image\\\/\",\"url\":\"https:\\\/\\\/antara.hu\\\/wp-content\\\/uploads\\\/2024\\\/01\\\/anatara-logo1.png\",\"contentUrl\":\"https:\\\/\\\/antara.hu\\\/wp-content\\\/uploads\\\/2024\\\/01\\\/anatara-logo1.png\",\"width\":1092,\"height\":602,\"caption\":\"ANTARA NYARAL\u00d3\"},\"image\":{\"@id\":\"https:\\\/\\\/antara.hu\\\/#\\\/schema\\\/logo\\\/image\\\/\"},\"sameAs\":[\"https:\\\/\\\/www.facebook.com\\\/antaranyaralo\"]}]}<\/script>\n<!-- \/ Yoast SEO plugin. -->","yoast_head_json":{"title":"Kapcsolat &#183; ANTARA NYARAL\u00d3 Antara nyaral\u00f3 el\u00e9rhet\u0151s\u00e9g, keressen minketKapcsolat","description":"Amennyiben k\u00e9rd\u00e9se van, vagy tov\u00e1bbi inform\u00e1ci\u00f3ra van sz\u00fcks\u00e9ge, l\u00e9pjen kapcsolatba vel\u00fcnk. K\u00e9szs\u00e9ggel \u00e1llunk rendelkez\u00e9s\u00e9re.","robots":{"index":"index","follow":"follow","max-snippet":"max-snippet:-1","max-image-preview":"max-image-preview:large","max-video-preview":"max-video-preview:-1"},"canonical":"https:\/\/antara.hu\/en\/kapcsolat\/","og_locale":"en_GB","og_type":"article","og_title":"Kapcsolat &#183; ANTARA NYARAL\u00d3 Antara nyaral\u00f3 el\u00e9rhet\u0151s\u00e9g, keressen minketKapcsolat","og_description":"Amennyiben k\u00e9rd\u00e9se van, vagy tov\u00e1bbi inform\u00e1ci\u00f3ra van sz\u00fcks\u00e9ge, l\u00e9pjen kapcsolatba vel\u00fcnk. K\u00e9szs\u00e9ggel \u00e1llunk rendelkez\u00e9s\u00e9re.","og_url":"https:\/\/antara.hu\/en\/kapcsolat\/","og_site_name":"ANTARA NYARAL\u00d3","article_publisher":"https:\/\/www.facebook.com\/antaranyaralo","article_modified_time":"2025-02-21T18:53:17+00:00","og_image":[{"width":1400,"height":735,"url":"https:\/\/antara.hu\/wp-content\/uploads\/2024\/01\/antara-web-2.png","type":"image\/png"}],"twitter_card":"summary_large_image","twitter_misc":{"Estimated reading time":"2 minutes"},"schema":{"@context":"https:\/\/schema.org","@graph":[{"@type":"WebPage","@id":"https:\/\/antara.hu\/kapcsolat\/","url":"https:\/\/antara.hu\/kapcsolat\/","name":"Kapcsolat &#183; ANTARA NYARAL\u00d3 Antara nyaral\u00f3 el\u00e9rhet\u0151s\u00e9g, keressen minketKapcsolat","isPartOf":{"@id":"https:\/\/antara.hu\/#website"},"datePublished":"2024-01-25T11:44:53+00:00","dateModified":"2025-02-21T18:53:17+00:00","description":"Amennyiben k\u00e9rd\u00e9se van, vagy tov\u00e1bbi inform\u00e1ci\u00f3ra van sz\u00fcks\u00e9ge, l\u00e9pjen kapcsolatba vel\u00fcnk. K\u00e9szs\u00e9ggel \u00e1llunk rendelkez\u00e9s\u00e9re.","breadcrumb":{"@id":"https:\/\/antara.hu\/kapcsolat\/#breadcrumb"},"inLanguage":"en-GB","potentialAction":[{"@type":"ReadAction","target":["https:\/\/antara.hu\/kapcsolat\/"]}]},{"@type":"BreadcrumbList","@id":"https:\/\/antara.hu\/kapcsolat\/#breadcrumb","itemListElement":[{"@type":"ListItem","position":1,"name":"Kezd\u0151lap","item":"https:\/\/antara.hu\/"},{"@type":"ListItem","position":2,"name":"Kapcsolat"}]},{"@type":"WebSite","@id":"https:\/\/antara.hu\/#website","url":"https:\/\/antara.hu\/","name":"ANTARA RESORT B\u00e9k\u00e9sszentandr\u00e1s","description":"","publisher":{"@id":"https:\/\/antara.hu\/#organization"},"potentialAction":[{"@type":"SearchAction","target":{"@type":"EntryPoint","urlTemplate":"https:\/\/antara.hu\/?s={search_term_string}"},"query-input":{"@type":"PropertyValueSpecification","valueRequired":true,"valueName":"search_term_string"}}],"inLanguage":"en-GB"},{"@type":"Organization","@id":"https:\/\/antara.hu\/#organization","name":"ANTARA NYARAL\u00d3","url":"https:\/\/antara.hu\/","logo":{"@type":"ImageObject","inLanguage":"en-GB","@id":"https:\/\/antara.hu\/#\/schema\/logo\/image\/","url":"https:\/\/antara.hu\/wp-content\/uploads\/2024\/01\/anatara-logo1.png","contentUrl":"https:\/\/antara.hu\/wp-content\/uploads\/2024\/01\/anatara-logo1.png","width":1092,"height":602,"caption":"ANTARA NYARAL\u00d3"},"image":{"@id":"https:\/\/antara.hu\/#\/schema\/logo\/image\/"},"sameAs":["https:\/\/www.facebook.com\/antaranyaralo"]}]}},"_links":{"self":[{"href":"https:\/\/antara.hu\/en\/wp-json\/wp\/v2\/pages\/51","targetHints":{"allow":["GET"]}}],"collection":[{"href":"https:\/\/antara.hu\/en\/wp-json\/wp\/v2\/pages"}],"about":[{"href":"https:\/\/antara.hu\/en\/wp-json\/wp\/v2\/types\/page"}],"author":[{"embeddable":true,"href":"https:\/\/antara.hu\/en\/wp-json\/wp\/v2\/users\/1"}],"replies":[{"embeddable":true,"href":"https:\/\/antara.hu\/en\/wp-json\/wp\/v2\/comments?post=51"}],"version-history":[{"count":16,"href":"https:\/\/antara.hu\/en\/wp-json\/wp\/v2\/pages\/51\/revisions"}],"predecessor-version":[{"id":900,"href":"https:\/\/antara.hu\/en\/wp-json\/wp\/v2\/pages\/51\/revisions\/900"}],"wp:attachment":[{"href":"https:\/\/antara.hu\/en\/wp-json\/wp\/v2\/media?parent=51"}],"curies":[{"name":"wp","href":"https:\/\/api.w.org\/{rel}","templated":true}]}}