{"id":7,"date":"2024-01-19T09:12:48","date_gmt":"2024-01-19T08:12:48","guid":{"rendered":"https:\/\/antara.hu\/?page_id=7"},"modified":"2026-01-26T18:34:38","modified_gmt":"2026-01-26T17:34:38","slug":"starlink-internet","status":"publish","type":"page","link":"https:\/\/antara.hu\/en\/starlink-internet\/","title":{"rendered":"Starlink Internet"},"content":{"rendered":"<section class=\"section has-parallax\" id=\"section_1183762419\">\n\t\t<div class=\"section-bg fill\" data-parallax-container=\".section\" data-parallax-background data-parallax=\"-3\">\n\t\t\t<img loading=\"lazy\" decoding=\"async\" width=\"1024\" height=\"1024\" src=\"https:\/\/antara.hu\/wp-content\/uploads\/2026\/01\/Gemini_Generated_Image_rb9gcsrb9gcsrb9g.png\" class=\"bg attachment-2048x2048 size-2048x2048\" alt=\"\" \/>\t\t\t\t\t\t<div class=\"section-bg-overlay absolute fill\"><\/div><div class=\"effect-snow bg-effect fill no-click\"><\/div>\n\t\t\t\n\n\t\t<\/div>\n\n\t\t\n\n\t\t<div class=\"section-content relative\">\n\t\t\t\n\n\t<div id=\"text-818980660\" class=\"text\">\n\t\t\n\n<p style=\"text-align: center;\"><span style=\"font-size: 400%; color: #f9faf7;\"><strong>\ud83d\udef0\ufe0f<\/strong><\/span><\/p>\n<p><span style=\"font-size: 160%; color: #f9faf7;\"><strong> <span style=\"font-size: 120%;\">SpaceX Starlink<\/span>: PR\u00c9MIUM INTERNET KOMPROMISSZUMOK N\u00c9LK\u00dcL A PIHEN\u00c9SHEZ \u00c9S A MUNK\u00c1HOZ<\/strong><\/span><\/p>\n<p data-path-to-node=\"5\">\u00a0<\/p>\n<p data-path-to-node=\"5\"><span style=\"font-size: 120%;\"><strong>M\u00e1r az Antara Nyaral\u00f3ban is \u00e9lvezheti a SpaceX Starlink technol\u00f3gi\u00e1j\u00e1t!<\/strong><\/span><\/p>\n<p data-path-to-node=\"5\"><span style=\"font-size: 95%;\"><strong>V\u00e1ltsa le a sz\u00fcrke irodai falakat a K\u00f6r\u00f6s-parti panor\u00e1m\u00e1ra! Az Antara Resortban hisz\u00fcnk abban, hogy a t\u00f6k\u00e9letes pihen\u00e9s alapfelt\u00e9tele a szabads\u00e1g. B\u00fcszk\u00e9k vagyunk r\u00e1, hogy B\u00e9k\u00e9sszentandr\u00e1son els\u0151k\u00e9nt k\u00edn\u00e1ljuk vend\u00e9geinknek a SpaceX Starlink m\u0171holdas technol\u00f3gi\u00e1j\u00e1t.<\/strong><\/span><\/p>\n<h3 data-path-to-node=\"6\"><span style=\"font-size: 95%;\"><strong>HOME OFFICE korl\u00e1tok n\u00e9lk\u00fcl (Workation)<\/strong><\/span><\/h3>\n<p data-path-to-node=\"7\"><span style=\"font-size: 95%;\"><strong>Az el\u0151- \u00e9s ut\u00f3szezon n\u00e1lunk a produktivit\u00e1s \u00faj szintj\u00e9t hozza el. Mi\u00e9rt ne vezethetn\u00e9 a v\u00e1llalkoz\u00e1s\u00e1t a priv\u00e1t st\u00e9g\u00fcnkr\u0151l?<\/strong><\/span><\/p>\n<ul data-path-to-node=\"8\">\n<li>\n<p data-path-to-node=\"8,0,0\"><span style=\"font-size: 95%;\"><strong>Ultragyors sebess\u00e9g: <span style=\"font-size: 140%;\">100-400 Mbps<\/span> s\u00e1vsz\u00e9less\u00e9g a h\u00e1zban.<\/strong><\/span><\/p>\n<\/li>\n<li>\n<p data-path-to-node=\"8,1,0\"><span style=\"font-size: 95%;\"><strong>Profi vide\u00f3h\u00edv\u00e1sok: Zoom, Teams vagy Meet konferenci\u00e1k krist\u00e1lytiszta min\u0151s\u00e9gben.<\/strong><\/span><\/p>\n<\/li>\n<\/ul>\n<h3 data-path-to-node=\"9\"><span style=\"font-size: 95%;\"><strong>Digit\u00e1lis \u00e9lm\u00e9nyek az eg\u00e9sz csal\u00e1dnak<\/strong><\/span><\/h3>\n<p data-path-to-node=\"10\"><span style=\"font-size: 95%;\"><strong>Am\u00edg \u00d6n a k\u00f6vetkez\u0151 projektj\u00e9n dolgozik, a csal\u00e1d t\u00f6bbi tagja is \u00e9lvezheti a j\u00f6v\u0151 internet\u00e9t:<\/strong><\/span><\/p>\n<ul data-path-to-node=\"11\">\n<li>\n<p data-path-to-node=\"11,0,0\"><span style=\"font-size: 95%;\"><strong>4K Mozi\u00e9lm\u00e9ny: Netflix \u00e9s YouTube streamel\u00e9s a legmagasabb felbont\u00e1sban.<\/strong><\/span><\/p>\n<\/li>\n<li>\n<p data-path-to-node=\"11,1,0\"><span style=\"font-size: 95%;\"><strong>G\u00f6rd\u00fcl\u00e9keny sz\u00f3rakoz\u00e1s: Alacsony k\u00e9sleltet\u00e9s az online j\u00e1t\u00e9kokhoz.<\/strong><\/span><\/p>\n<\/li>\n<\/ul>\n\t\t\n<style>\n#text-818980660 {\n  text-align: center;\n}\n<\/style>\n\t<\/div>\n\t\n\n\t\t<\/div>\n\n\t\t\n<style>\n#section_1183762419 {\n  padding-top: 30px;\n  padding-bottom: 30px;\n  background-color: rgb(0,0,0);\n}\n#section_1183762419 .section-bg-overlay {\n  background-color: rgba(23, 7, 246, 0);\n}\n#section_1183762419 .section-bg img {\n  object-position: 50% 50%;\n}\n<\/style>\n\t<\/section>","protected":false},"excerpt":{"rendered":"","protected":false},"author":1,"featured_media":0,"parent":0,"menu_order":0,"comment_status":"closed","ping_status":"closed","template":"page-blank.php","meta":{"footnotes":""},"class_list":["post-7","page","type-page","status-publish","hentry"],"yoast_head":"<!-- This site is optimized with the Yoast SEO plugin v27.4 - https:\/\/yoast.com\/product\/yoast-seo-wordpress\/ -->\n<title>Starlink Internet &#183; ANTARA NYARAL\u00d3 Csal\u00e1di kikapcsol\u00f3d\u00e1s f\u0171t\u00f6tt medenc\u00e9vel jakuzzival finn szaun\u00e1val B\u00e9k\u00e9sszentandr\u00e1son Antara Nyaral\u00f3 Starlink Internet<\/title>\n<meta name=\"description\" content=\"Fedezze fel az Antara Nyaral\u00f3t B\u00e9k\u00e9sszentandr\u00e1son, ahol a csal\u00e1di kikapcsol\u00f3d\u00e1s garant\u00e1lt! \u00c9lvezze a f\u0171t\u00f6tt medenc\u00e9t, wellness szolg\u00e1ltat\u00e1sokat jakuzzival finn szaun\u00e1val \u00e9s a term\u00e9szet k\u00f6zels\u00e9g\u00e9t a Holt K\u00f6r\u00f6s partj\u00e1n Starlink Internet ANTARA NYARAL\u00d3\" \/>\n<meta name=\"robots\" content=\"index, follow, max-snippet:-1, max-image-preview:large, max-video-preview:-1\" \/>\n<link rel=\"canonical\" href=\"https:\/\/antara.hu\/en\/starlink-internet\/\" \/>\n<meta property=\"og:locale\" content=\"en_GB\" \/>\n<meta property=\"og:type\" content=\"article\" \/>\n<meta property=\"og:title\" content=\"Starlink Internet &#183; ANTARA NYARAL\u00d3 Csal\u00e1di kikapcsol\u00f3d\u00e1s f\u0171t\u00f6tt medenc\u00e9vel jakuzzival finn szaun\u00e1val B\u00e9k\u00e9sszentandr\u00e1son Antara Nyaral\u00f3 Starlink Internet\" \/>\n<meta property=\"og:description\" content=\"Fedezze fel az Antara Nyaral\u00f3t B\u00e9k\u00e9sszentandr\u00e1son, ahol a csal\u00e1di kikapcsol\u00f3d\u00e1s garant\u00e1lt! \u00c9lvezze a f\u0171t\u00f6tt medenc\u00e9t, wellness szolg\u00e1ltat\u00e1sokat jakuzzival finn szaun\u00e1val \u00e9s a term\u00e9szet k\u00f6zels\u00e9g\u00e9t a Holt K\u00f6r\u00f6s partj\u00e1n Starlink Internet ANTARA NYARAL\u00d3\" \/>\n<meta property=\"og:url\" content=\"https:\/\/antara.hu\/en\/starlink-internet\/\" \/>\n<meta property=\"og:site_name\" content=\"ANTARA NYARAL\u00d3\" \/>\n<meta property=\"article:publisher\" content=\"https:\/\/www.facebook.com\/antaranyaralo\" \/>\n<meta property=\"article:modified_time\" content=\"2026-01-26T17:34:38+00:00\" \/>\n<meta property=\"og:image\" content=\"https:\/\/antara.hu\/wp-content\/uploads\/2024\/01\/antara-web-2.png\" \/>\n\t<meta property=\"og:image:width\" content=\"1400\" \/>\n\t<meta property=\"og:image:height\" content=\"735\" \/>\n\t<meta property=\"og:image:type\" content=\"image\/png\" \/>\n<meta name=\"twitter:card\" content=\"summary_large_image\" \/>\n<meta name=\"twitter:label1\" content=\"Estimated reading time\" \/>\n\t<meta name=\"twitter:data1\" content=\"1 minute\" \/>\n<script type=\"application\/ld+json\" class=\"yoast-schema-graph\">{\"@context\":\"https:\\\/\\\/schema.org\",\"@graph\":[{\"@type\":\"WebPage\",\"@id\":\"https:\\\/\\\/antara.hu\\\/starlink-internet\\\/\",\"url\":\"https:\\\/\\\/antara.hu\\\/starlink-internet\\\/\",\"name\":\"Starlink Internet &#183; ANTARA NYARAL\u00d3 Csal\u00e1di kikapcsol\u00f3d\u00e1s f\u0171t\u00f6tt medenc\u00e9vel jakuzzival finn szaun\u00e1val B\u00e9k\u00e9sszentandr\u00e1son Antara Nyaral\u00f3 Starlink Internet\",\"isPartOf\":{\"@id\":\"https:\\\/\\\/antara.hu\\\/#website\"},\"datePublished\":\"2024-01-19T08:12:48+00:00\",\"dateModified\":\"2026-01-26T17:34:38+00:00\",\"description\":\"Fedezze fel az Antara Nyaral\u00f3t B\u00e9k\u00e9sszentandr\u00e1son, ahol a csal\u00e1di kikapcsol\u00f3d\u00e1s garant\u00e1lt! \u00c9lvezze a f\u0171t\u00f6tt medenc\u00e9t, wellness szolg\u00e1ltat\u00e1sokat jakuzzival finn szaun\u00e1val \u00e9s a term\u00e9szet k\u00f6zels\u00e9g\u00e9t a Holt K\u00f6r\u00f6s partj\u00e1n Starlink Internet ANTARA NYARAL\u00d3\",\"breadcrumb\":{\"@id\":\"https:\\\/\\\/antara.hu\\\/starlink-internet\\\/#breadcrumb\"},\"inLanguage\":\"en-GB\",\"potentialAction\":[{\"@type\":\"ReadAction\",\"target\":[\"https:\\\/\\\/antara.hu\\\/starlink-internet\\\/\"]}]},{\"@type\":\"BreadcrumbList\",\"@id\":\"https:\\\/\\\/antara.hu\\\/starlink-internet\\\/#breadcrumb\",\"itemListElement\":[{\"@type\":\"ListItem\",\"position\":1,\"name\":\"Kezd\u0151lap\",\"item\":\"https:\\\/\\\/antara.hu\\\/\"},{\"@type\":\"ListItem\",\"position\":2,\"name\":\"Starlink Internet\"}]},{\"@type\":\"WebSite\",\"@id\":\"https:\\\/\\\/antara.hu\\\/#website\",\"url\":\"https:\\\/\\\/antara.hu\\\/\",\"name\":\"ANTARA RESORT B\u00e9k\u00e9sszentandr\u00e1s\",\"description\":\"\",\"publisher\":{\"@id\":\"https:\\\/\\\/antara.hu\\\/#organization\"},\"potentialAction\":[{\"@type\":\"SearchAction\",\"target\":{\"@type\":\"EntryPoint\",\"urlTemplate\":\"https:\\\/\\\/antara.hu\\\/?s={search_term_string}\"},\"query-input\":{\"@type\":\"PropertyValueSpecification\",\"valueRequired\":true,\"valueName\":\"search_term_string\"}}],\"inLanguage\":\"en-GB\"},{\"@type\":\"Organization\",\"@id\":\"https:\\\/\\\/antara.hu\\\/#organization\",\"name\":\"ANTARA NYARAL\u00d3\",\"url\":\"https:\\\/\\\/antara.hu\\\/\",\"logo\":{\"@type\":\"ImageObject\",\"inLanguage\":\"en-GB\",\"@id\":\"https:\\\/\\\/antara.hu\\\/#\\\/schema\\\/logo\\\/image\\\/\",\"url\":\"https:\\\/\\\/antara.hu\\\/wp-content\\\/uploads\\\/2024\\\/01\\\/anatara-logo1.png\",\"contentUrl\":\"https:\\\/\\\/antara.hu\\\/wp-content\\\/uploads\\\/2024\\\/01\\\/anatara-logo1.png\",\"width\":1092,\"height\":602,\"caption\":\"ANTARA NYARAL\u00d3\"},\"image\":{\"@id\":\"https:\\\/\\\/antara.hu\\\/#\\\/schema\\\/logo\\\/image\\\/\"},\"sameAs\":[\"https:\\\/\\\/www.facebook.com\\\/antaranyaralo\"]}]}<\/script>\n<!-- \/ Yoast SEO plugin. -->","yoast_head_json":{"title":"Starlink Internet &#183; ANTARA NYARAL\u00d3 Csal\u00e1di kikapcsol\u00f3d\u00e1s f\u0171t\u00f6tt medenc\u00e9vel jakuzzival finn szaun\u00e1val B\u00e9k\u00e9sszentandr\u00e1son Antara Nyaral\u00f3 Starlink Internet","description":"Fedezze fel az Antara Nyaral\u00f3t B\u00e9k\u00e9sszentandr\u00e1son, ahol a csal\u00e1di kikapcsol\u00f3d\u00e1s garant\u00e1lt! \u00c9lvezze a f\u0171t\u00f6tt medenc\u00e9t, wellness szolg\u00e1ltat\u00e1sokat jakuzzival finn szaun\u00e1val \u00e9s a term\u00e9szet k\u00f6zels\u00e9g\u00e9t a Holt K\u00f6r\u00f6s partj\u00e1n Starlink Internet ANTARA NYARAL\u00d3","robots":{"index":"index","follow":"follow","max-snippet":"max-snippet:-1","max-image-preview":"max-image-preview:large","max-video-preview":"max-video-preview:-1"},"canonical":"https:\/\/antara.hu\/en\/starlink-internet\/","og_locale":"en_GB","og_type":"article","og_title":"Starlink Internet &#183; ANTARA NYARAL\u00d3 Csal\u00e1di kikapcsol\u00f3d\u00e1s f\u0171t\u00f6tt medenc\u00e9vel jakuzzival finn szaun\u00e1val B\u00e9k\u00e9sszentandr\u00e1son Antara Nyaral\u00f3 Starlink Internet","og_description":"Fedezze fel az Antara Nyaral\u00f3t B\u00e9k\u00e9sszentandr\u00e1son, ahol a csal\u00e1di kikapcsol\u00f3d\u00e1s garant\u00e1lt! \u00c9lvezze a f\u0171t\u00f6tt medenc\u00e9t, wellness szolg\u00e1ltat\u00e1sokat jakuzzival finn szaun\u00e1val \u00e9s a term\u00e9szet k\u00f6zels\u00e9g\u00e9t a Holt K\u00f6r\u00f6s partj\u00e1n Starlink Internet ANTARA NYARAL\u00d3","og_url":"https:\/\/antara.hu\/en\/starlink-internet\/","og_site_name":"ANTARA NYARAL\u00d3","article_publisher":"https:\/\/www.facebook.com\/antaranyaralo","article_modified_time":"2026-01-26T17:34:38+00:00","og_image":[{"width":1400,"height":735,"url":"https:\/\/antara.hu\/wp-content\/uploads\/2024\/01\/antara-web-2.png","type":"image\/png"}],"twitter_card":"summary_large_image","twitter_misc":{"Estimated reading time":"1 minute"},"schema":{"@context":"https:\/\/schema.org","@graph":[{"@type":"WebPage","@id":"https:\/\/antara.hu\/starlink-internet\/","url":"https:\/\/antara.hu\/starlink-internet\/","name":"Starlink Internet &#183; ANTARA NYARAL\u00d3 Csal\u00e1di kikapcsol\u00f3d\u00e1s f\u0171t\u00f6tt medenc\u00e9vel jakuzzival finn szaun\u00e1val B\u00e9k\u00e9sszentandr\u00e1son Antara Nyaral\u00f3 Starlink Internet","isPartOf":{"@id":"https:\/\/antara.hu\/#website"},"datePublished":"2024-01-19T08:12:48+00:00","dateModified":"2026-01-26T17:34:38+00:00","description":"Fedezze fel az Antara Nyaral\u00f3t B\u00e9k\u00e9sszentandr\u00e1son, ahol a csal\u00e1di kikapcsol\u00f3d\u00e1s garant\u00e1lt! \u00c9lvezze a f\u0171t\u00f6tt medenc\u00e9t, wellness szolg\u00e1ltat\u00e1sokat jakuzzival finn szaun\u00e1val \u00e9s a term\u00e9szet k\u00f6zels\u00e9g\u00e9t a Holt K\u00f6r\u00f6s partj\u00e1n Starlink Internet ANTARA NYARAL\u00d3","breadcrumb":{"@id":"https:\/\/antara.hu\/starlink-internet\/#breadcrumb"},"inLanguage":"en-GB","potentialAction":[{"@type":"ReadAction","target":["https:\/\/antara.hu\/starlink-internet\/"]}]},{"@type":"BreadcrumbList","@id":"https:\/\/antara.hu\/starlink-internet\/#breadcrumb","itemListElement":[{"@type":"ListItem","position":1,"name":"Kezd\u0151lap","item":"https:\/\/antara.hu\/"},{"@type":"ListItem","position":2,"name":"Starlink Internet"}]},{"@type":"WebSite","@id":"https:\/\/antara.hu\/#website","url":"https:\/\/antara.hu\/","name":"ANTARA RESORT B\u00e9k\u00e9sszentandr\u00e1s","description":"","publisher":{"@id":"https:\/\/antara.hu\/#organization"},"potentialAction":[{"@type":"SearchAction","target":{"@type":"EntryPoint","urlTemplate":"https:\/\/antara.hu\/?s={search_term_string}"},"query-input":{"@type":"PropertyValueSpecification","valueRequired":true,"valueName":"search_term_string"}}],"inLanguage":"en-GB"},{"@type":"Organization","@id":"https:\/\/antara.hu\/#organization","name":"ANTARA NYARAL\u00d3","url":"https:\/\/antara.hu\/","logo":{"@type":"ImageObject","inLanguage":"en-GB","@id":"https:\/\/antara.hu\/#\/schema\/logo\/image\/","url":"https:\/\/antara.hu\/wp-content\/uploads\/2024\/01\/anatara-logo1.png","contentUrl":"https:\/\/antara.hu\/wp-content\/uploads\/2024\/01\/anatara-logo1.png","width":1092,"height":602,"caption":"ANTARA NYARAL\u00d3"},"image":{"@id":"https:\/\/antara.hu\/#\/schema\/logo\/image\/"},"sameAs":["https:\/\/www.facebook.com\/antaranyaralo"]}]}},"_links":{"self":[{"href":"https:\/\/antara.hu\/en\/wp-json\/wp\/v2\/pages\/7","targetHints":{"allow":["GET"]}}],"collection":[{"href":"https:\/\/antara.hu\/en\/wp-json\/wp\/v2\/pages"}],"about":[{"href":"https:\/\/antara.hu\/en\/wp-json\/wp\/v2\/types\/page"}],"author":[{"embeddable":true,"href":"https:\/\/antara.hu\/en\/wp-json\/wp\/v2\/users\/1"}],"replies":[{"embeddable":true,"href":"https:\/\/antara.hu\/en\/wp-json\/wp\/v2\/comments?post=7"}],"version-history":[{"count":23,"href":"https:\/\/antara.hu\/en\/wp-json\/wp\/v2\/pages\/7\/revisions"}],"predecessor-version":[{"id":1082,"href":"https:\/\/antara.hu\/en\/wp-json\/wp\/v2\/pages\/7\/revisions\/1082"}],"wp:attachment":[{"href":"https:\/\/antara.hu\/en\/wp-json\/wp\/v2\/media?parent=7"}],"curies":[{"name":"wp","href":"https:\/\/api.w.org\/{rel}","templated":true}]}}