{"id":986,"date":"2025-12-02T16:45:15","date_gmt":"2025-12-02T15:45:15","guid":{"rendered":"https:\/\/antara.hu\/?page_id=986"},"modified":"2026-04-06T07:52:33","modified_gmt":"2026-04-06T05:52:33","slug":"akcios-ajanlatok","status":"publish","type":"page","link":"https:\/\/antara.hu\/en\/akcios-ajanlatok\/","title":{"rendered":"El\u0151szezoni h\u00e9tk\u00f6znapi akci\u00f3s aj\u00e1nlatok"},"content":{"rendered":"<h3 class=\"wp-block-heading\"><strong>Csal\u00e1doknak<\/strong> <strong>\u2013 modern, pr\u00e9mium hangulat<\/strong>:<\/h3>\n\n\n\n<p>Csal\u00e1doknak \u00e9s p\u00e1roknak \u2013 modern, pr\u00e9mium hangulat<\/p>\n\n\n\n<p>A tavasz az \u00fajj\u00e1sz\u00fclet\u00e9s \u00e9s a friss energia ideje \u2013 n\u00e1lunk pedig minden adott a val\u00f3di kikapcsol\u00f3d\u00e1shoz.&nbsp;<strong>M\u00e1jus 15-ig tart\u00f3 el\u0151szezonunkban<\/strong>&nbsp;a K\u00f6r\u00f6s-part \u00e9bred\u0151 term\u00e9szete, a priv\u00e1t jakuzzi \u00e9s a finn szauna seg\u00edt kiszakadni a sz\u00fcrke h\u00e9tk\u00f6znapokb\u00f3l.<\/p>\n\n\n\n<p>Haszn\u00e1lj\u00e1tok ki\u00a0<strong>h\u00e9tk\u00f6znapi kedvezm\u00e9ny\u00fcnket<\/strong>: a\u00a0<strong>vas\u00e1rnapt\u00f3l p\u00e9ntekig<\/strong>\u00a0tart\u00f3, min. 3 \u00e9j foglal\u00e1sok eset\u00e9n most\u00a0<strong>-20% kedvezm\u00e9nnyel<\/strong>\u00a0aj\u00e1nd\u00e9kozunk meg titeket! Legyen sz\u00f3 egy romantikus elvonul\u00e1sr\u00f3l vagy egy pihentet\u0151 csal\u00e1di pihen\u00e9sr\u0151l, itt val\u00f3ban meg\u00e1ll az id\u0151. A tavaszi naps\u00fct\u00e9s \u00e9s a v\u00edzparti nyugalom egy\u00fctt teremti meg azt az \u00e9lm\u00e9nyt, ami ut\u00e1n teljesen felt\u00f6lt\u0151dve t\u00e9rtek haza.<\/p>\n\n\n\n<h3 class=\"wp-block-heading\"><strong>Csal\u00e1d + bar\u00e1tok t\u00e1rsas\u00e1g\u00e1nak \u2013 modern, pr\u00e9mium hangulat<\/strong>:<\/h3>\n\n\n\n<p>Ha bar\u00e1tokkal vagy csal\u00e1ddal szeretn\u00e9tek egy\u00fctt kikapcsol\u00f3dni, n\u00e1lunk minden adott a k\u00f6z\u00f6s \u00e9lm\u00e9nyekhez. A t\u00e1gas k\u00f6z\u00f6ss\u00e9gi t\u00e9r, a j\u00f3l felszerelt konyha \u00e9s a k\u00e9nyelmes szob\u00e1k ide\u00e1lisak egy k\u00f6z\u00f6s f\u0151z\u00e9shez, besz\u00e9lget\u00e9shez vagy egy hossz\u00fa, nevet\u00e9ssel teli est\u00e9hez. A priv\u00e1t jakuzzi \u00e9s a finn szauna pedig t\u00f6k\u00e9letes lez\u00e1r\u00e1sa egy tartalmas napnak. A K\u00f6r\u00f6s-part csendje \u00e9s nyugalma ilyenkor k\u00fcl\u00f6n\u00f6sen var\u00e1zslatos \u2013 ide\u00e1lis hely egy bar\u00e1ti mini-pihen\u00e9shez vagy \u00e9vz\u00e1r\u00f3 egy\u00fcttl\u00e9thez.<\/p>\n\n\n\n<p><\/p>\n\n\n\n<h3 class=\"wp-block-heading has-text-align-center\"><strong>Akci\u00f3s \u00e1raink:<\/strong>\u00a0\u00a0 \u00a0 \u00a02026. M\u00e1jus 15.ig, min. 3 \u00e9j foglal\u00e1s eset\u00e9n!<\/h3>\n\n\n\n<p class=\"has-text-align-center\" style=\"font-size:27px\">\u00a0 \u00a0 \u00a0 \u00a0 \u00a0 \u00a0 \u00a0 \u00a0 -20% Vas\u00e1rnapt\u00f3l &#8211; P\u00e9ntekig a lista\u00e1rainkb\u00f3l<\/p>\n\n\n\n<div class=\"wp-block-group is-vertical is-layout-flex wp-container-core-group-is-layout-8cf370e7 wp-block-group-is-layout-flex\">\n<p class=\"has-text-align-center\">                                                                    <strong>\u2013 1-5<\/strong>&nbsp;<strong>f\u0151-ig 75.000.-Ft\/\u00e9j+IFA, &nbsp; &nbsp;<\/strong><\/p>\n\n\n\n<p class=\"has-text-align-center\">                                                                    <strong>\u2013 6-10&nbsp;f\u0151-ig 90.000.-Ft\/\u00e9j+IFA, &nbsp;&nbsp;<\/strong><\/p>\n\n\n\n<p class=\"has-text-align-center\">                              <strong>Egyszeri v\u00e9gtakar\u00edt\u00e1si d\u00edj: 25.000.-Ft. A fenti \u00e1rak a teljes nyaral\u00f3ra \u00e9rv\u00e9nyesek!<\/strong><\/p>\n\n\n\n<p class=\"has-text-align-center\"><strong>H\u00e1zi\u00e1llat&nbsp;(kiskutyus 7 kg ig.)&nbsp;el\u0151zetes egyeztet\u00e9s ut\u00e1n hozhat\u00f3:<\/strong>&nbsp;<strong>5.000.- Ft\/night\/puppy<\/strong>&nbsp;<strong>for a fee.<\/strong><\/p>\n<\/div>\n\n\n\n<p><\/p>\n\n\n\n<p>Of course, as you have come to expect, the prices for our holiday home include unlimited access to all services!<\/p>\n\n\n\n<div class=\"wp-block-buttons is-layout-flex wp-block-buttons-is-layout-flex\">\n<div class=\"wp-block-button is-style-outline is-style-outline--1\"><a class=\"wp-block-button__link has-white-color has-primary-background-color has-text-color has-background has-link-color has-text-align-center has-custom-font-size wp-element-button\" href=\"https:\/\/antara.hu\/en\/arak-foglalas\/\" style=\"border-radius:0px;font-size:13px;text-transform:uppercase\">FOGLAL\u00c1S<\/a><\/div>\n<\/div>\n\n\n\n<p><\/p>\n\n\n\n<p><\/p>\n\n\n\n<p>Lorem ipsum dolor sit amet, consectetuer adipiscing elit, sed diam nonummy nibh euismod tincidunt ut laoreet dolore magna aliquam erat volutpat.<\/p>","protected":false},"excerpt":{"rendered":"<p>Csal\u00e1doknak \u2013 modern, pr\u00e9mium hangulat: Csal\u00e1doknak \u00e9s p\u00e1roknak \u2013 modern, pr\u00e9mium hangulat A tavasz az \u00fajj\u00e1sz\u00fclet\u00e9s \u00e9s a friss energia ideje \u2013 n\u00e1lunk pedig minden adott a val\u00f3di kikapcsol\u00f3d\u00e1shoz.&nbsp;M\u00e1jus 15-ig tart\u00f3 el\u0151szezonunkban&nbsp;a K\u00f6r\u00f6s-part \u00e9bred\u0151 term\u00e9szete, a priv\u00e1t jakuzzi \u00e9s a finn szauna seg\u00edt kiszakadni a sz\u00fcrke h\u00e9tk\u00f6znapokb\u00f3l. Haszn\u00e1lj\u00e1tok ki\u00a0h\u00e9tk\u00f6znapi kedvezm\u00e9ny\u00fcnket: a\u00a0vas\u00e1rnapt\u00f3l p\u00e9ntekig\u00a0tart\u00f3, min. 3 \u00e9j [&#8230;]\n","protected":false},"author":2,"featured_media":0,"parent":0,"menu_order":0,"comment_status":"closed","ping_status":"closed","template":"","meta":{"footnotes":""},"class_list":["post-986","page","type-page","status-publish","hentry"],"yoast_head":"<!-- This site is optimized with the Yoast SEO plugin v27.4 - https:\/\/yoast.com\/product\/yoast-seo-wordpress\/ -->\n<title>El\u0151szezoni h\u00e9tk\u00f6znapi akci\u00f3s aj\u00e1nlatok &#183; ANTARA NYARAL\u00d3 Csal\u00e1di kikapcsol\u00f3d\u00e1s f\u0171t\u00f6tt medenc\u00e9vel jakuzzival finn szaun\u00e1val B\u00e9k\u00e9sszentandr\u00e1son Antara Nyaral\u00f3 El\u0151szezoni h\u00e9tk\u00f6znapi akci\u00f3s aj\u00e1nlatok<\/title>\n<meta name=\"description\" content=\"Fedezze fel az Antara Nyaral\u00f3t B\u00e9k\u00e9sszentandr\u00e1son, ahol a csal\u00e1di kikapcsol\u00f3d\u00e1s garant\u00e1lt! \u00c9lvezze a f\u0171t\u00f6tt medenc\u00e9t, wellness szolg\u00e1ltat\u00e1sokat jakuzzival finn szaun\u00e1val \u00e9s a term\u00e9szet k\u00f6zels\u00e9g\u00e9t a Holt K\u00f6r\u00f6s partj\u00e1n El\u0151szezoni h\u00e9tk\u00f6znapi akci\u00f3s aj\u00e1nlatok ANTARA NYARAL\u00d3\" \/>\n<meta name=\"robots\" content=\"index, follow, max-snippet:-1, max-image-preview:large, max-video-preview:-1\" \/>\n<link rel=\"canonical\" href=\"https:\/\/antara.hu\/en\/akcios-ajanlatok\/\" \/>\n<meta property=\"og:locale\" content=\"en_GB\" \/>\n<meta property=\"og:type\" content=\"article\" \/>\n<meta property=\"og:title\" content=\"El\u0151szezoni h\u00e9tk\u00f6znapi akci\u00f3s aj\u00e1nlatok &#183; ANTARA NYARAL\u00d3 Csal\u00e1di kikapcsol\u00f3d\u00e1s f\u0171t\u00f6tt medenc\u00e9vel jakuzzival finn szaun\u00e1val B\u00e9k\u00e9sszentandr\u00e1son Antara Nyaral\u00f3 El\u0151szezoni h\u00e9tk\u00f6znapi akci\u00f3s aj\u00e1nlatok\" \/>\n<meta property=\"og:description\" content=\"Fedezze fel az Antara Nyaral\u00f3t B\u00e9k\u00e9sszentandr\u00e1son, ahol a csal\u00e1di kikapcsol\u00f3d\u00e1s garant\u00e1lt! \u00c9lvezze a f\u0171t\u00f6tt medenc\u00e9t, wellness szolg\u00e1ltat\u00e1sokat jakuzzival finn szaun\u00e1val \u00e9s a term\u00e9szet k\u00f6zels\u00e9g\u00e9t a Holt K\u00f6r\u00f6s partj\u00e1n El\u0151szezoni h\u00e9tk\u00f6znapi akci\u00f3s aj\u00e1nlatok ANTARA NYARAL\u00d3\" \/>\n<meta property=\"og:url\" content=\"https:\/\/antara.hu\/en\/akcios-ajanlatok\/\" \/>\n<meta property=\"og:site_name\" content=\"ANTARA NYARAL\u00d3\" \/>\n<meta property=\"article:publisher\" content=\"https:\/\/www.facebook.com\/antaranyaralo\" \/>\n<meta property=\"article:modified_time\" content=\"2026-04-06T05:52:33+00:00\" \/>\n<meta property=\"og:image\" content=\"https:\/\/antara.hu\/wp-content\/uploads\/2024\/01\/antara-web-2.png\" \/>\n\t<meta property=\"og:image:width\" content=\"1400\" \/>\n\t<meta property=\"og:image:height\" content=\"735\" \/>\n\t<meta property=\"og:image:type\" content=\"image\/png\" \/>\n<meta name=\"twitter:card\" content=\"summary_large_image\" \/>\n<meta name=\"twitter:label1\" content=\"Estimated reading time\" \/>\n\t<meta name=\"twitter:data1\" content=\"2 minutes\" \/>\n<script type=\"application\/ld+json\" class=\"yoast-schema-graph\">{\"@context\":\"https:\\\/\\\/schema.org\",\"@graph\":[{\"@type\":\"WebPage\",\"@id\":\"https:\\\/\\\/antara.hu\\\/akcios-ajanlatok\\\/\",\"url\":\"https:\\\/\\\/antara.hu\\\/akcios-ajanlatok\\\/\",\"name\":\"El\u0151szezoni h\u00e9tk\u00f6znapi akci\u00f3s aj\u00e1nlatok &#183; ANTARA NYARAL\u00d3 Csal\u00e1di kikapcsol\u00f3d\u00e1s f\u0171t\u00f6tt medenc\u00e9vel jakuzzival finn szaun\u00e1val B\u00e9k\u00e9sszentandr\u00e1son Antara Nyaral\u00f3 El\u0151szezoni h\u00e9tk\u00f6znapi akci\u00f3s aj\u00e1nlatok\",\"isPartOf\":{\"@id\":\"https:\\\/\\\/antara.hu\\\/#website\"},\"datePublished\":\"2025-12-02T15:45:15+00:00\",\"dateModified\":\"2026-04-06T05:52:33+00:00\",\"description\":\"Fedezze fel az Antara Nyaral\u00f3t B\u00e9k\u00e9sszentandr\u00e1son, ahol a csal\u00e1di kikapcsol\u00f3d\u00e1s garant\u00e1lt! \u00c9lvezze a f\u0171t\u00f6tt medenc\u00e9t, wellness szolg\u00e1ltat\u00e1sokat jakuzzival finn szaun\u00e1val \u00e9s a term\u00e9szet k\u00f6zels\u00e9g\u00e9t a Holt K\u00f6r\u00f6s partj\u00e1n El\u0151szezoni h\u00e9tk\u00f6znapi akci\u00f3s aj\u00e1nlatok ANTARA NYARAL\u00d3\",\"breadcrumb\":{\"@id\":\"https:\\\/\\\/antara.hu\\\/akcios-ajanlatok\\\/#breadcrumb\"},\"inLanguage\":\"en-GB\",\"potentialAction\":[{\"@type\":\"ReadAction\",\"target\":[\"https:\\\/\\\/antara.hu\\\/akcios-ajanlatok\\\/\"]}]},{\"@type\":\"BreadcrumbList\",\"@id\":\"https:\\\/\\\/antara.hu\\\/akcios-ajanlatok\\\/#breadcrumb\",\"itemListElement\":[{\"@type\":\"ListItem\",\"position\":1,\"name\":\"Kezd\u0151lap\",\"item\":\"https:\\\/\\\/antara.hu\\\/\"},{\"@type\":\"ListItem\",\"position\":2,\"name\":\"El\u0151szezoni h\u00e9tk\u00f6znapi akci\u00f3s aj\u00e1nlatok\"}]},{\"@type\":\"WebSite\",\"@id\":\"https:\\\/\\\/antara.hu\\\/#website\",\"url\":\"https:\\\/\\\/antara.hu\\\/\",\"name\":\"ANTARA RESORT B\u00e9k\u00e9sszentandr\u00e1s\",\"description\":\"\",\"publisher\":{\"@id\":\"https:\\\/\\\/antara.hu\\\/#organization\"},\"potentialAction\":[{\"@type\":\"SearchAction\",\"target\":{\"@type\":\"EntryPoint\",\"urlTemplate\":\"https:\\\/\\\/antara.hu\\\/?s={search_term_string}\"},\"query-input\":{\"@type\":\"PropertyValueSpecification\",\"valueRequired\":true,\"valueName\":\"search_term_string\"}}],\"inLanguage\":\"en-GB\"},{\"@type\":\"Organization\",\"@id\":\"https:\\\/\\\/antara.hu\\\/#organization\",\"name\":\"ANTARA NYARAL\u00d3\",\"url\":\"https:\\\/\\\/antara.hu\\\/\",\"logo\":{\"@type\":\"ImageObject\",\"inLanguage\":\"en-GB\",\"@id\":\"https:\\\/\\\/antara.hu\\\/#\\\/schema\\\/logo\\\/image\\\/\",\"url\":\"https:\\\/\\\/antara.hu\\\/wp-content\\\/uploads\\\/2024\\\/01\\\/anatara-logo1.png\",\"contentUrl\":\"https:\\\/\\\/antara.hu\\\/wp-content\\\/uploads\\\/2024\\\/01\\\/anatara-logo1.png\",\"width\":1092,\"height\":602,\"caption\":\"ANTARA NYARAL\u00d3\"},\"image\":{\"@id\":\"https:\\\/\\\/antara.hu\\\/#\\\/schema\\\/logo\\\/image\\\/\"},\"sameAs\":[\"https:\\\/\\\/www.facebook.com\\\/antaranyaralo\"]}]}<\/script>\n<!-- \/ Yoast SEO plugin. -->","yoast_head_json":{"title":"El\u0151szezoni h\u00e9tk\u00f6znapi akci\u00f3s aj\u00e1nlatok &#183; ANTARA NYARAL\u00d3 Csal\u00e1di kikapcsol\u00f3d\u00e1s f\u0171t\u00f6tt medenc\u00e9vel jakuzzival finn szaun\u00e1val B\u00e9k\u00e9sszentandr\u00e1son Antara Nyaral\u00f3 El\u0151szezoni h\u00e9tk\u00f6znapi akci\u00f3s aj\u00e1nlatok","description":"Fedezze fel az Antara Nyaral\u00f3t B\u00e9k\u00e9sszentandr\u00e1son, ahol a csal\u00e1di kikapcsol\u00f3d\u00e1s garant\u00e1lt! \u00c9lvezze a f\u0171t\u00f6tt medenc\u00e9t, wellness szolg\u00e1ltat\u00e1sokat jakuzzival finn szaun\u00e1val \u00e9s a term\u00e9szet k\u00f6zels\u00e9g\u00e9t a Holt K\u00f6r\u00f6s partj\u00e1n El\u0151szezoni h\u00e9tk\u00f6znapi akci\u00f3s aj\u00e1nlatok ANTARA NYARAL\u00d3","robots":{"index":"index","follow":"follow","max-snippet":"max-snippet:-1","max-image-preview":"max-image-preview:large","max-video-preview":"max-video-preview:-1"},"canonical":"https:\/\/antara.hu\/en\/akcios-ajanlatok\/","og_locale":"en_GB","og_type":"article","og_title":"El\u0151szezoni h\u00e9tk\u00f6znapi akci\u00f3s aj\u00e1nlatok &#183; ANTARA NYARAL\u00d3 Csal\u00e1di kikapcsol\u00f3d\u00e1s f\u0171t\u00f6tt medenc\u00e9vel jakuzzival finn szaun\u00e1val B\u00e9k\u00e9sszentandr\u00e1son Antara Nyaral\u00f3 El\u0151szezoni h\u00e9tk\u00f6znapi akci\u00f3s aj\u00e1nlatok","og_description":"Fedezze fel az Antara Nyaral\u00f3t B\u00e9k\u00e9sszentandr\u00e1son, ahol a csal\u00e1di kikapcsol\u00f3d\u00e1s garant\u00e1lt! \u00c9lvezze a f\u0171t\u00f6tt medenc\u00e9t, wellness szolg\u00e1ltat\u00e1sokat jakuzzival finn szaun\u00e1val \u00e9s a term\u00e9szet k\u00f6zels\u00e9g\u00e9t a Holt K\u00f6r\u00f6s partj\u00e1n El\u0151szezoni h\u00e9tk\u00f6znapi akci\u00f3s aj\u00e1nlatok ANTARA NYARAL\u00d3","og_url":"https:\/\/antara.hu\/en\/akcios-ajanlatok\/","og_site_name":"ANTARA NYARAL\u00d3","article_publisher":"https:\/\/www.facebook.com\/antaranyaralo","article_modified_time":"2026-04-06T05:52:33+00:00","og_image":[{"width":1400,"height":735,"url":"https:\/\/antara.hu\/wp-content\/uploads\/2024\/01\/antara-web-2.png","type":"image\/png"}],"twitter_card":"summary_large_image","twitter_misc":{"Estimated reading time":"2 minutes"},"schema":{"@context":"https:\/\/schema.org","@graph":[{"@type":"WebPage","@id":"https:\/\/antara.hu\/akcios-ajanlatok\/","url":"https:\/\/antara.hu\/akcios-ajanlatok\/","name":"El\u0151szezoni h\u00e9tk\u00f6znapi akci\u00f3s aj\u00e1nlatok &#183; ANTARA NYARAL\u00d3 Csal\u00e1di kikapcsol\u00f3d\u00e1s f\u0171t\u00f6tt medenc\u00e9vel jakuzzival finn szaun\u00e1val B\u00e9k\u00e9sszentandr\u00e1son Antara Nyaral\u00f3 El\u0151szezoni h\u00e9tk\u00f6znapi akci\u00f3s aj\u00e1nlatok","isPartOf":{"@id":"https:\/\/antara.hu\/#website"},"datePublished":"2025-12-02T15:45:15+00:00","dateModified":"2026-04-06T05:52:33+00:00","description":"Fedezze fel az Antara Nyaral\u00f3t B\u00e9k\u00e9sszentandr\u00e1son, ahol a csal\u00e1di kikapcsol\u00f3d\u00e1s garant\u00e1lt! \u00c9lvezze a f\u0171t\u00f6tt medenc\u00e9t, wellness szolg\u00e1ltat\u00e1sokat jakuzzival finn szaun\u00e1val \u00e9s a term\u00e9szet k\u00f6zels\u00e9g\u00e9t a Holt K\u00f6r\u00f6s partj\u00e1n El\u0151szezoni h\u00e9tk\u00f6znapi akci\u00f3s aj\u00e1nlatok ANTARA NYARAL\u00d3","breadcrumb":{"@id":"https:\/\/antara.hu\/akcios-ajanlatok\/#breadcrumb"},"inLanguage":"en-GB","potentialAction":[{"@type":"ReadAction","target":["https:\/\/antara.hu\/akcios-ajanlatok\/"]}]},{"@type":"BreadcrumbList","@id":"https:\/\/antara.hu\/akcios-ajanlatok\/#breadcrumb","itemListElement":[{"@type":"ListItem","position":1,"name":"Kezd\u0151lap","item":"https:\/\/antara.hu\/"},{"@type":"ListItem","position":2,"name":"El\u0151szezoni h\u00e9tk\u00f6znapi akci\u00f3s aj\u00e1nlatok"}]},{"@type":"WebSite","@id":"https:\/\/antara.hu\/#website","url":"https:\/\/antara.hu\/","name":"ANTARA RESORT B\u00e9k\u00e9sszentandr\u00e1s","description":"","publisher":{"@id":"https:\/\/antara.hu\/#organization"},"potentialAction":[{"@type":"SearchAction","target":{"@type":"EntryPoint","urlTemplate":"https:\/\/antara.hu\/?s={search_term_string}"},"query-input":{"@type":"PropertyValueSpecification","valueRequired":true,"valueName":"search_term_string"}}],"inLanguage":"en-GB"},{"@type":"Organization","@id":"https:\/\/antara.hu\/#organization","name":"ANTARA NYARAL\u00d3","url":"https:\/\/antara.hu\/","logo":{"@type":"ImageObject","inLanguage":"en-GB","@id":"https:\/\/antara.hu\/#\/schema\/logo\/image\/","url":"https:\/\/antara.hu\/wp-content\/uploads\/2024\/01\/anatara-logo1.png","contentUrl":"https:\/\/antara.hu\/wp-content\/uploads\/2024\/01\/anatara-logo1.png","width":1092,"height":602,"caption":"ANTARA NYARAL\u00d3"},"image":{"@id":"https:\/\/antara.hu\/#\/schema\/logo\/image\/"},"sameAs":["https:\/\/www.facebook.com\/antaranyaralo"]}]}},"_links":{"self":[{"href":"https:\/\/antara.hu\/en\/wp-json\/wp\/v2\/pages\/986","targetHints":{"allow":["GET"]}}],"collection":[{"href":"https:\/\/antara.hu\/en\/wp-json\/wp\/v2\/pages"}],"about":[{"href":"https:\/\/antara.hu\/en\/wp-json\/wp\/v2\/types\/page"}],"author":[{"embeddable":true,"href":"https:\/\/antara.hu\/en\/wp-json\/wp\/v2\/users\/2"}],"replies":[{"embeddable":true,"href":"https:\/\/antara.hu\/en\/wp-json\/wp\/v2\/comments?post=986"}],"version-history":[{"count":34,"href":"https:\/\/antara.hu\/en\/wp-json\/wp\/v2\/pages\/986\/revisions"}],"predecessor-version":[{"id":1099,"href":"https:\/\/antara.hu\/en\/wp-json\/wp\/v2\/pages\/986\/revisions\/1099"}],"wp:attachment":[{"href":"https:\/\/antara.hu\/en\/wp-json\/wp\/v2\/media?parent=986"}],"curies":[{"name":"wp","href":"https:\/\/api.w.org\/{rel}","templated":true}]}}